{"id":10,"date":"2014-02-09T17:31:44","date_gmt":"2014-02-09T16:31:44","guid":{"rendered":"http:\/\/www.ursy2014.ch\/?page_id=10"},"modified":"2014-02-09T17:41:23","modified_gmt":"2014-02-09T16:41:23","slug":"programme","status":"publish","type":"page","link":"http:\/\/www.fanfareursy.ch\/?page_id=10","title":{"rendered":"Programme"},"content":{"rendered":"\n<table id=\"tablepress-2\" class=\"tablepress tablepress-id-2 tbody-has-connected-cells\">\n<tbody class=\"row-striping\">\n<tr class=\"row-1\">\n\t<td rowspan=\"2\" class=\"column-1\">Jeudi<br>1er mai<\/td><td class=\"column-2\">21h00<\/td><td class=\"column-3\">Ouverture des bars et snacks<\/td>\n<\/tr>\n<tr class=\"row-2\">\n\t<td class=\"column-2\">02h00<\/td><td class=\"column-3\">Fermeture de la place de f\u00eate<\/td>\n<\/tr>\n<tr class=\"row-3\">\n\t<td rowspan=\"5\" class=\"column-1\">Vendredi<br>2 mai<\/td><td class=\"column-2\">18h00<\/td><td class=\"column-3\">Ouverture cantine, bars et restauration<\/td>\n<\/tr>\n<tr class=\"row-4\">\n\t<td class=\"column-2\">20h00<\/td><td class=\"column-3\"><a href=\"http:\/\/www.ursy2014.ch\/?page_id=559\">MEGA LOTO<\/a> avec 26\u2019750 CHF de lots<\/td>\n<\/tr>\n<tr class=\"row-5\">\n\t<td class=\"column-2\">22h45<\/td><td class=\"column-3\">Animation musicale sur grand \u00e9cran<br \/>\nDJ Attila au grand bar<\/td>\n<\/tr>\n<tr class=\"row-6\">\n\t<td class=\"column-2\">02h00<\/td><td class=\"column-3\">Fermeture de la cantine<\/td>\n<\/tr>\n<tr class=\"row-7\">\n\t<td class=\"column-2\">03h00<\/td><td class=\"column-3\">Fermeture des bars<\/td>\n<\/tr>\n<tr class=\"row-8\">\n\t<td rowspan=\"11\" class=\"column-1\">Samedi<br>3 mai<\/td><td class=\"column-2\">10h00<\/td><td class=\"column-3\">Ouverture de la cantine<\/td>\n<\/tr>\n<tr class=\"row-9\">\n\t<td class=\"column-2\">11h00<\/td><td class=\"column-3\">Accueil des amis de la fanfare par <a href=\"http:\/\/www.ursy2014.ch\/?page_id=546\">Acro'Dance<\/a> (ap\u00e9ritif offert pour tout le monde de 11h00 \u00e0 12h00)<\/td>\n<\/tr>\n<tr class=\"row-10\">\n\t<td class=\"column-2\">12h00<\/td><td class=\"column-3\">Concert d'<a href=\"http:\/\/www.ursy2014.ch\/?page_id=551\">Eagle\u2019s Variety<\/a> et de l\u2019ensemble des jeunes musiciens \"<a href=\"http:\/\/www.fanfareursy.ch\/formation_cadets.htm\">On s\u2019croche<\/a>\" de Promasens, Rue et Ursy<\/td>\n<\/tr>\n<tr class=\"row-11\">\n\t<td class=\"column-2\">12h00<\/td><td class=\"column-3\">Production des soci\u00e9t\u00e9s \u00e0 la salle de concours<br \/>\n<a href=\"http:\/\/www.ursy2014.ch\/wp-content\/uploads\/2014\/03\/horaire.pdf\">Horaire d\u00e9taill\u00e9<\/a>, <a href=\"http:\/\/www.ursy2014.ch\/?page_id=657\">Experts Musique<\/a>, <a href=\"http:\/\/www.ursy2014.ch\/?page_id=660\">Experts Tambours<\/a><\/td>\n<\/tr>\n<tr class=\"row-12\">\n\t<td class=\"column-2\">13h15<\/td><td class=\"column-3\">Production des soci\u00e9t\u00e9s \u00e0 la cantine<\/td>\n<\/tr>\n<tr class=\"row-13\">\n\t<td class=\"column-2\">18h00<\/td><td class=\"column-3\">Concert de la fanfare \"<a href=\"http:\/\/www.lacontheysanne.ch\">La Contheysanne<\/a>\"<\/td>\n<\/tr>\n<tr class=\"row-14\">\n\t<td class=\"column-2\">20h15<\/td><td class=\"column-3\">Concert de <a href=\"http:\/\/www.ursy2014.ch\/?page_id=528\">Jenny Lorant<\/a><\/td>\n<\/tr>\n<tr class=\"row-15\">\n\t<td class=\"column-2\">21h15<\/td><td class=\"column-3\">Concert d\u2019<a href=\"http:\/\/www.ursy2014.ch\/?page_id=492\">Eliana Burki<\/a><\/td>\n<\/tr>\n<tr class=\"row-16\">\n\t<td class=\"column-2\">22h30<\/td><td class=\"column-3\">Boulevard des hits, concert par l\u2019orchestre <a href=\"http:\/\/www.ursy2014.ch\/?page_id=538\">NASCA<\/a><br \/>\nDJ Attila au grand bar<\/td>\n<\/tr>\n<tr class=\"row-17\">\n\t<td class=\"column-2\">02h00<\/td><td class=\"column-3\">Fermeture de la cantine<\/td>\n<\/tr>\n<tr class=\"row-18\">\n\t<td class=\"column-2\">03h00<\/td><td class=\"column-3\">Fermeture des bars<\/td>\n<\/tr>\n<tr class=\"row-19\">\n\t<td rowspan=\"7\" class=\"column-1\">Dimanche<br>4 mai<\/td><td class=\"column-2\">08h00<\/td><td class=\"column-3\">Ouverture de la cantine<\/td>\n<\/tr>\n<tr class=\"row-20\">\n\t<td class=\"column-2\">09h30<\/td><td class=\"column-3\">Concours de marche, <a href=\"http:\/\/www.ursy2014.ch\/?page_id=663\">concours du rond-point<\/a><\/td>\n<\/tr>\n<tr class=\"row-21\">\n\t<td class=\"column-2\">11h15<\/td><td class=\"column-3\">Productions des soci\u00e9t\u00e9s \u00e0 la cantine<\/td>\n<\/tr>\n<tr class=\"row-22\">\n\t<td class=\"column-2\">12h15<\/td><td class=\"column-3\">Partie officielle<\/td>\n<\/tr>\n<tr class=\"row-23\">\n\t<td class=\"column-2\">14h30<\/td><td class=\"column-3\">GRAND CORTEGE \"<a href=\"http:\/\/www.ursy2014.ch\/?page_id=668\">Musiques d\u2019ici et d\u2019ailleurs<\/a>\"<\/td>\n<\/tr>\n<tr class=\"row-24\">\n\t<td class=\"column-2\">17h00<\/td><td class=\"column-3\">Remise des rapports<\/td>\n<\/tr>\n<tr class=\"row-25\">\n\t<td class=\"column-2\">00h00<\/td><td class=\"column-3\">Fermeture de la place de f\u00eate<\/td>\n<\/tr>\n<\/tbody>\n<\/table>\n<!-- #tablepress-2 from cache -->\n","protected":false},"excerpt":{"rendered":"","protected":false},"author":76,"featured_media":0,"parent":0,"menu_order":0,"comment_status":"closed","ping_status":"open","template":"sidebar-page.php","meta":{"footnotes":""},"class_list":["post-10","page","type-page","status-publish","hentry"],"_links":{"self":[{"href":"http:\/\/www.fanfareursy.ch\/index.php?rest_route=\/wp\/v2\/pages\/10","targetHints":{"allow":["GET"]}}],"collection":[{"href":"http:\/\/www.fanfareursy.ch\/index.php?rest_route=\/wp\/v2\/pages"}],"about":[{"href":"http:\/\/www.fanfareursy.ch\/index.php?rest_route=\/wp\/v2\/types\/page"}],"author":[{"embeddable":true,"href":"http:\/\/www.fanfareursy.ch\/index.php?rest_route=\/wp\/v2\/users\/76"}],"replies":[{"embeddable":true,"href":"http:\/\/www.fanfareursy.ch\/index.php?rest_route=%2Fwp%2Fv2%2Fcomments&post=10"}],"version-history":[{"count":10,"href":"http:\/\/www.fanfareursy.ch\/index.php?rest_route=\/wp\/v2\/pages\/10\/revisions"}],"predecessor-version":[{"id":262,"href":"http:\/\/www.fanfareursy.ch\/index.php?rest_route=\/wp\/v2\/pages\/10\/revisions\/262"}],"wp:attachment":[{"href":"http:\/\/www.fanfareursy.ch\/index.php?rest_route=%2Fwp%2Fv2%2Fmedia&parent=10"}],"curies":[{"name":"wp","href":"https:\/\/api.w.org\/{rel}","templated":true}]}}