{"id":373,"date":"2013-08-03T09:24:11","date_gmt":"2013-08-03T08:24:11","guid":{"rendered":"http:\/\/www.ursy2014.ch\/?page_id=373"},"modified":"2013-08-03T09:26:09","modified_gmt":"2013-08-03T08:26:09","slug":"vins-et-paniers-decouvertes","status":"publish","type":"page","link":"http:\/\/www.fanfareursy.ch\/?page_id=373","title":{"rendered":"Vins et paniers d\u00e9couvertes"},"content":{"rendered":"<p><img loading=\"lazy\" decoding=\"async\" class=\"alignleft size-full wp-image-374\" style=\"border: 0px;\" alt=\"vin\" src=\"http:\/\/www.fanfareursy.ch\/wp-content\/uploads\/2013\/08\/vin.jpg\" width=\"259\" height=\"600\" srcset=\"http:\/\/www.fanfareursy.ch\/wp-content\/uploads\/2013\/08\/vin.jpg 259w, http:\/\/www.fanfareursy.ch\/wp-content\/uploads\/2013\/08\/vin-129x300.jpg 129w, http:\/\/www.fanfareursy.ch\/wp-content\/uploads\/2013\/08\/vin-129x300@2x.jpg 258w\" sizes=\"auto, (max-width: 259px) 100vw, 259px\" \/><\/p>\n<p>Toute f\u00eate des musiques comprend une vente de vins. La notre comprend une large s\u00e9lection de vins de nos vignobles ainsi que des pays voisins. Ces vins sont accompagn\u00e9s de paniers d\u00e9couvertes : produits du terroir ou choix de bi\u00e8res. <a title=\"Descriptif des vins et paniers d\u00e9couvertes\" href=\"https:\/\/www.dropbox.com\/s\/ma2emuy84pkp5yk\/Descriptif%20vins.pdf\" target=\"_blank\">Un descriptif complet est \u00e0 votre disposition.<\/a><\/p>\n<p>Les membres de notre soci\u00e9t\u00e9 passeront probablement un jour vers vous avec des bons de commande, mais vous pouvez \u00e9galement commander d\u00e8s aujourd&rsquo;hui en remplissant <a title=\"Formulaire de commande\" href=\"https:\/\/www.dropbox.com\/s\/sp61j1uw0s1k2vr\/Commande%20vins.pdf\" target=\"_blank\">ce formulaire<\/a> et en le renvoyant \u00e0 l&rsquo;adresse email mentionn\u00e9e dans le document.<\/p>\n<p>Si vous n&rsquo;avez pas de scanner, une bonne photo avec un smartphone suffira \ud83d\ude09<\/p>\n","protected":false},"excerpt":{"rendered":"<p>Toute f\u00eate des musiques comprend une vente de vins. La notre comprend une large s\u00e9lection de vins de nos vignobles ainsi que des pays voisins. Ces vins sont accompagn\u00e9s de paniers d\u00e9couvertes : produits du terroir ou choix de bi\u00e8res. &hellip; <a href=\"http:\/\/www.fanfareursy.ch\/?page_id=373\">Continuer la lecture <span class=\"meta-nav\">&rarr;<\/span><\/a><\/p>\n","protected":false},"author":76,"featured_media":0,"parent":0,"menu_order":0,"comment_status":"closed","ping_status":"open","template":"","meta":{"footnotes":""},"class_list":["post-373","page","type-page","status-publish","hentry"],"_links":{"self":[{"href":"http:\/\/www.fanfareursy.ch\/index.php?rest_route=\/wp\/v2\/pages\/373","targetHints":{"allow":["GET"]}}],"collection":[{"href":"http:\/\/www.fanfareursy.ch\/index.php?rest_route=\/wp\/v2\/pages"}],"about":[{"href":"http:\/\/www.fanfareursy.ch\/index.php?rest_route=\/wp\/v2\/types\/page"}],"author":[{"embeddable":true,"href":"http:\/\/www.fanfareursy.ch\/index.php?rest_route=\/wp\/v2\/users\/76"}],"replies":[{"embeddable":true,"href":"http:\/\/www.fanfareursy.ch\/index.php?rest_route=%2Fwp%2Fv2%2Fcomments&post=373"}],"version-history":[{"count":2,"href":"http:\/\/www.fanfareursy.ch\/index.php?rest_route=\/wp\/v2\/pages\/373\/revisions"}],"predecessor-version":[{"id":376,"href":"http:\/\/www.fanfareursy.ch\/index.php?rest_route=\/wp\/v2\/pages\/373\/revisions\/376"}],"wp:attachment":[{"href":"http:\/\/www.fanfareursy.ch\/index.php?rest_route=%2Fwp%2Fv2%2Fmedia&parent=373"}],"curies":[{"name":"wp","href":"https:\/\/api.w.org\/{rel}","templated":true}]}}