{"id":382,"date":"2013-09-16T18:51:11","date_gmt":"2013-09-16T17:51:11","guid":{"rendered":"http:\/\/www.ursy2014.ch\/?page_id=382"},"modified":"2014-06-24T17:22:43","modified_gmt":"2014-06-24T16:22:43","slug":"meilleurs-vendeurs","status":"publish","type":"page","link":"http:\/\/www.fanfareursy.ch\/?page_id=382","title":{"rendered":"Meilleurs vendeurs"},"content":{"rendered":"<p>Cette page liste les meilleurs vendeurs pour nos diff\u00e9rentes ventes.<\/p>\n<p>Mise \u00e0 jour : 6 juin 2014.<\/p>\n<h2>Tombola, plus de 16 ans<\/h2>\n<ul>\n<li>C\u00e9line Maier avec 2026 billets vendus<\/li>\n<li>Claude Gavillet avec 895 billets vendus<\/li>\n<li>Fabrice Conus avec 831 billets vendus<\/li>\n<\/ul>\n<h2>Tombola, moins de 16 ans<\/h2>\n<ul>\n<li>Lisa Gremaud avec 682 billets vendus<\/li>\n<li>Andr\u00e9 Peiry avec 788 billets vendus<\/li>\n<\/ul>\n<h2>Vente de vins<\/h2>\n<ul>\n<li>Matthieu Demierre, 215 cartons<\/li>\n<li>Philippe\u00a0Gremaud,\u00a0172.5 cartons<\/li>\n<li>Eliane Tinguely, 107 cartons<\/li>\n<li>S\u00e9bastien Cottet, 103 cartons<\/li>\n<li>J\u00e9r\u00e9my Conus, 85 cartons<\/li>\n<\/ul>\n","protected":false},"excerpt":{"rendered":"<p>Cette page liste les meilleurs vendeurs pour nos diff\u00e9rentes ventes. Mise \u00e0 jour : 6 juin 2014. Tombola, plus de 16 ans C\u00e9line Maier avec 2026 billets vendus Claude Gavillet avec 895 billets vendus Fabrice Conus avec 831 billets vendus &hellip; <a href=\"http:\/\/www.fanfareursy.ch\/?page_id=382\">Continuer la lecture <span class=\"meta-nav\">&rarr;<\/span><\/a><\/p>\n","protected":false},"author":76,"featured_media":0,"parent":0,"menu_order":0,"comment_status":"closed","ping_status":"closed","template":"","meta":{"footnotes":""},"class_list":["post-382","page","type-page","status-publish","hentry"],"_links":{"self":[{"href":"http:\/\/www.fanfareursy.ch\/index.php?rest_route=\/wp\/v2\/pages\/382","targetHints":{"allow":["GET"]}}],"collection":[{"href":"http:\/\/www.fanfareursy.ch\/index.php?rest_route=\/wp\/v2\/pages"}],"about":[{"href":"http:\/\/www.fanfareursy.ch\/index.php?rest_route=\/wp\/v2\/types\/page"}],"author":[{"embeddable":true,"href":"http:\/\/www.fanfareursy.ch\/index.php?rest_route=\/wp\/v2\/users\/76"}],"replies":[{"embeddable":true,"href":"http:\/\/www.fanfareursy.ch\/index.php?rest_route=%2Fwp%2Fv2%2Fcomments&post=382"}],"version-history":[{"count":18,"href":"http:\/\/www.fanfareursy.ch\/index.php?rest_route=\/wp\/v2\/pages\/382\/revisions"}],"predecessor-version":[{"id":859,"href":"http:\/\/www.fanfareursy.ch\/index.php?rest_route=\/wp\/v2\/pages\/382\/revisions\/859"}],"wp:attachment":[{"href":"http:\/\/www.fanfareursy.ch\/index.php?rest_route=%2Fwp%2Fv2%2Fmedia&parent=382"}],"curies":[{"name":"wp","href":"https:\/\/api.w.org\/{rel}","templated":true}]}}