{"id":528,"date":"2014-03-05T15:36:23","date_gmt":"2014-03-05T14:36:23","guid":{"rendered":"http:\/\/www.ursy2014.ch\/?page_id=528"},"modified":"2014-03-05T16:06:12","modified_gmt":"2014-03-05T15:06:12","slug":"presentation-de-jenny-lorant","status":"publish","type":"page","link":"http:\/\/www.fanfareursy.ch\/?page_id=528","title":{"rendered":"Pr\u00e9sentation de Jenny Lorant"},"content":{"rendered":"<h2>1\u00e8re partie d\u2019Eliana Burki<\/h2>\n<p><img loading=\"lazy\" decoding=\"async\" class=\"alignleft size-full wp-image-530\" style=\"border: 0px;\" alt=\"jenny1\" src=\"http:\/\/www.fanfareursy.ch\/wp-content\/uploads\/2014\/03\/jenny1.jpg\" width=\"260\" height=\"336\" srcset=\"http:\/\/www.fanfareursy.ch\/wp-content\/uploads\/2014\/03\/jenny1.jpg 260w, http:\/\/www.fanfareursy.ch\/wp-content\/uploads\/2014\/03\/jenny1-232x300.jpg 232w\" sizes=\"auto, (max-width: 260px) 100vw, 260px\" \/>Auteur, compositeur et interpr\u00e8te fribourgeoise, Jenny est une jeune chanteuse au parcours atypique. Entretenant une tendre histoire d\u2019amour avec la musique depuis son plus jeune \u00e2ge, elle multiplie les exp\u00e9riences sc\u00e9niques passant de chanteuse lead d\u2019un groupe de rock \u00e0 meneuse de revue, sans oublier les diverses com\u00e9dies musicales dans lesquelles elle a fait ses preuves. Notamment dans le r\u00f4le de Marie-Jeanne, la serveuse automate dans \u201cSTARMANIA\u201d version concert dirig\u00e9 par Pierre Huwiler. Cette autodidacte, qui a suivi une formation aux ateliers Funambule parrain\u00e9s par Michel Fugain, poss\u00e8de alors plusieurs cordes \u00e0 son arc ; elle a chant\u00e9 et collabor\u00e9 pendant cinq ans avec la Fondation Th\u00e9odora par le biais de l\u2019association Streetconcept. Le but \u00e9tait de r\u00e9colter des fonds par la musique, d\u2019o\u00f9 la devise : \u00ab\u00a0Un cd vendu, un sourire rendu !\u00a0\u00bb.<\/p>\n<p>En 2007, Jenny croise le chemin de Patrick Vuillaume (Producteur du Label Ghostla production) et de J\u00e9r\u00f4me Pannetier qui lui offre la chance d\u2019enregistrer un album. C\u2019est ainsi que Jenny deviendra Jenny Trace et sortira son premier album pop-rock \u201cADRENALINE\u201d. Mais en 2011, Jenny d\u00e9cide de prendre son ind\u00e9pendance et quitte sa maison de disque pour nous faire d\u00e9couvrir sa personnalit\u00e9 \u00e0 travers ses chansons. Elle rencontre Pedro Carnier, talentueux guitariste avec qui elle \u00e9labore de nouvelles compositions. L\u2019histoire ne s\u2019arr\u00eate pas l\u00e0 puisqu\u2019en 2012 l\u2019\u00e9quipe s\u2019agrandit avec Claude Bussard (batterie), Fabien Ayer (basse), Massimo Bonomo (clavier) et Marion Gu\u00e9ry (choeurs). Jenny Trace redevient Jenny et de cette fusion entre amoureux de la musique, na\u00eetra l\u2019album \u00ab\u00a0C\u2019\u00e9tait \u00e9crit&#8230;\u00a0\u00bb, un clin d\u2019oeil \u00e0 la merveilleuse aventure qu\u2019ils vivent tous ensemble. Ce nouvel opus propose des chansons au parler tr\u00e8s vrai qui abordent la maladie, l\u2019espoir, la rupture et bien s\u00fbr l\u2019amour tout en gardant une certaine l\u00e9g\u00e8ret\u00e9 parfois d\u00e9cal\u00e9e. C\u00f4t\u00e9 musical, Jenny passe de la pop-vari\u00e9t\u00e9 \u00e0 la chanson \u00e0 texte sans se refuser quelques inflexions jazz souffl\u00e9es par son guitariste Pedro Carnier.<\/p>\n<p>Son site web :\u00a0<a title=\"Jenny Lorant\" href=\"http:\/\/jenny-musique.ch\" target=\"_blank\">Jenny Lorant<\/a><\/p>\n<p><iframe loading=\"lazy\" src=\"\/\/www.youtube.com\/embed\/U6nPovzjC9w\" height=\"360\" width=\"600\" frameborder=\"0\"><\/iframe><\/p>\n","protected":false},"excerpt":{"rendered":"<p>1\u00e8re partie d\u2019Eliana Burki Auteur, compositeur et interpr\u00e8te fribourgeoise, Jenny est une jeune chanteuse au parcours atypique. Entretenant une tendre histoire d\u2019amour avec la musique depuis son plus jeune \u00e2ge, elle multiplie les exp\u00e9riences sc\u00e9niques passant de chanteuse lead d\u2019un &hellip; <a href=\"http:\/\/www.fanfareursy.ch\/?page_id=528\">Continuer la lecture <span class=\"meta-nav\">&rarr;<\/span><\/a><\/p>\n","protected":false},"author":76,"featured_media":0,"parent":0,"menu_order":0,"comment_status":"closed","ping_status":"closed","template":"sidebar-page.php","meta":{"footnotes":""},"class_list":["post-528","page","type-page","status-publish","hentry"],"_links":{"self":[{"href":"http:\/\/www.fanfareursy.ch\/index.php?rest_route=\/wp\/v2\/pages\/528","targetHints":{"allow":["GET"]}}],"collection":[{"href":"http:\/\/www.fanfareursy.ch\/index.php?rest_route=\/wp\/v2\/pages"}],"about":[{"href":"http:\/\/www.fanfareursy.ch\/index.php?rest_route=\/wp\/v2\/types\/page"}],"author":[{"embeddable":true,"href":"http:\/\/www.fanfareursy.ch\/index.php?rest_route=\/wp\/v2\/users\/76"}],"replies":[{"embeddable":true,"href":"http:\/\/www.fanfareursy.ch\/index.php?rest_route=%2Fwp%2Fv2%2Fcomments&post=528"}],"version-history":[{"count":3,"href":"http:\/\/www.fanfareursy.ch\/index.php?rest_route=\/wp\/v2\/pages\/528\/revisions"}],"predecessor-version":[{"id":533,"href":"http:\/\/www.fanfareursy.ch\/index.php?rest_route=\/wp\/v2\/pages\/528\/revisions\/533"}],"wp:attachment":[{"href":"http:\/\/www.fanfareursy.ch\/index.php?rest_route=%2Fwp%2Fv2%2Fmedia&parent=528"}],"curies":[{"name":"wp","href":"https:\/\/api.w.org\/{rel}","templated":true}]}}