{"id":559,"date":"2014-03-05T17:14:47","date_gmt":"2014-03-05T16:14:47","guid":{"rendered":"http:\/\/www.ursy2014.ch\/?page_id=559"},"modified":"2014-03-28T13:10:22","modified_gmt":"2014-03-28T12:10:22","slug":"mega-loto-26750-de-lots","status":"publish","type":"page","link":"http:\/\/www.fanfareursy.ch\/?page_id=559","title":{"rendered":"M\u00e9ga loto : 26\u2019750.- de lots"},"content":{"rendered":"<h2>Total des lots 26&rsquo;750.-\u00a0dont 20&rsquo;750.- cash<\/h2>\n<p>Abonnement : 10.- \/ carte pour 20 s\u00e9ries<br \/>\nVolante : 3.- \/ carte pour 5 s\u00e9ries<br \/>\nRoyales : 3.- \/ carte pour 1 s\u00e9rie<br \/>\nMini-bingo : 3.-<\/p>\n<p>20 s\u00e9ries de 2 quines et 3 cartons<br \/>\n2 s\u00e9ries royales de 4 cartons<br \/>\n1 super-royale de 4 cartons<\/p>\n<p>S\u00e9ries normales (tout en cash)<\/p>\n<ul>\n<li>2 quines \u00e0 100.-<\/li>\n<li>1er carton \u00e0 300.-<\/li>\n<li>2e carton \u00e0 200.-<\/li>\n<li>3e carton \u00e0 100.-<\/li>\n<\/ul>\n<p>1er s\u00e9rie royale<\/p>\n<ul>\n<li>1er carton : ordinateur portable (999.-)<\/li>\n<li>2e carton\u00a0: cam\u00e9scope (590.&#8211;)<\/li>\n<li>3e carton\u00a0: 300.- cash<\/li>\n<li>4e\u00a0carton\u00a0: 200.- cash<\/li>\n<\/ul>\n<p>2e s\u00e9rie royale<\/p>\n<ul>\n<li>1er carton : TV 102 cm (1000.-)<\/li>\n<li>2e carton\u00a0: home cin\u00e9ma (490.-)<\/li>\n<li>3e carton\u00a0: 300.- cash<\/li>\n<li>4e\u00a0carton\u00a0: 200.- cash<\/li>\n<\/ul>\n<p>Super-royale<\/p>\n<ul>\n<li>1er carton : V\u00e9lo \u00e9lectrique (1990.-)<\/li>\n<li>2e carton\u00a0: Week-end \u00e0 Paris pour 2 (1000.-)<\/li>\n<li>3e\u00a0carton\u00a0: 500.- cash<\/li>\n<li>4e\u00a0carton\u00a0: 500.- cash<\/li>\n<\/ul>\n<p>Mini-Bingo\u00a0: 2 x 1000.- cash<\/p>\n<p>Tombola gratuite\u00a0: 15 x 50.- cash<\/p>\n<p><a href=\"https:\/\/www.dropbox.com\/s\/qgu35dln2a4970d\/R%C3%A8glement%20du%20loto%20VO.pdf\">R\u00e8glement d\u00e9taill\u00e9 (PDF)<\/a><\/p>\n<p><a href=\"http:\/\/www.fanfareursy.ch\/wp-content\/uploads\/2014\/03\/loto.pdf\"><img loading=\"lazy\" decoding=\"async\" class=\"alignleft  wp-image-560\" style=\"border: 0px;\" alt=\"M\u00e9ga loto\" src=\"http:\/\/www.fanfareursy.ch\/wp-content\/uploads\/2014\/03\/loto.jpg\" width=\"600\" height=\"866\" srcset=\"http:\/\/www.fanfareursy.ch\/wp-content\/uploads\/2014\/03\/loto.jpg 600w, http:\/\/www.fanfareursy.ch\/wp-content\/uploads\/2014\/03\/loto-207x300.jpg 207w, http:\/\/www.fanfareursy.ch\/wp-content\/uploads\/2014\/03\/loto-207x300@2x.jpg 414w\" sizes=\"auto, (max-width: 600px) 100vw, 600px\" \/><\/a><\/p>\n","protected":false},"excerpt":{"rendered":"<p>Total des lots 26&rsquo;750.-\u00a0dont 20&rsquo;750.- cash Abonnement : 10.- \/ carte pour 20 s\u00e9ries Volante : 3.- \/ carte pour 5 s\u00e9ries Royales : 3.- \/ carte pour 1 s\u00e9rie Mini-bingo : 3.- 20 s\u00e9ries de 2 quines et 3 &hellip; <a href=\"http:\/\/www.fanfareursy.ch\/?page_id=559\">Continuer la lecture <span class=\"meta-nav\">&rarr;<\/span><\/a><\/p>\n","protected":false},"author":76,"featured_media":0,"parent":0,"menu_order":0,"comment_status":"closed","ping_status":"closed","template":"sidebar-page.php","meta":{"footnotes":""},"class_list":["post-559","page","type-page","status-publish","hentry"],"_links":{"self":[{"href":"http:\/\/www.fanfareursy.ch\/index.php?rest_route=\/wp\/v2\/pages\/559","targetHints":{"allow":["GET"]}}],"collection":[{"href":"http:\/\/www.fanfareursy.ch\/index.php?rest_route=\/wp\/v2\/pages"}],"about":[{"href":"http:\/\/www.fanfareursy.ch\/index.php?rest_route=\/wp\/v2\/types\/page"}],"author":[{"embeddable":true,"href":"http:\/\/www.fanfareursy.ch\/index.php?rest_route=\/wp\/v2\/users\/76"}],"replies":[{"embeddable":true,"href":"http:\/\/www.fanfareursy.ch\/index.php?rest_route=%2Fwp%2Fv2%2Fcomments&post=559"}],"version-history":[{"count":3,"href":"http:\/\/www.fanfareursy.ch\/index.php?rest_route=\/wp\/v2\/pages\/559\/revisions"}],"predecessor-version":[{"id":600,"href":"http:\/\/www.fanfareursy.ch\/index.php?rest_route=\/wp\/v2\/pages\/559\/revisions\/600"}],"wp:attachment":[{"href":"http:\/\/www.fanfareursy.ch\/index.php?rest_route=%2Fwp%2Fv2%2Fmedia&parent=559"}],"curies":[{"name":"wp","href":"https:\/\/api.w.org\/{rel}","templated":true}]}}