{"id":663,"date":"2014-03-30T14:36:06","date_gmt":"2014-03-30T13:36:06","guid":{"rendered":"http:\/\/www.ursy2014.ch\/?page_id=663"},"modified":"2014-03-30T14:59:44","modified_gmt":"2014-03-30T13:59:44","slug":"concours-du-rond-point","status":"publish","type":"page","link":"http:\/\/www.fanfareursy.ch\/?page_id=663","title":{"rendered":"Concours du rond-point"},"content":{"rendered":"<h2>Le concours du rond-point : une nouveaut\u00e9 \u00e0 Ursy !<\/h2>\n<p>Vous connaissez sans aucun doute le traditionnel concours de marche du dimanche matin: plus de dix soci\u00e9t\u00e9s, du giron et d\u2019ailleurs, d\u00e9filent pour votre plus grand plaisir, au rythme des tambours et de marches entra\u00eenantes.<\/p>\n<p>Cette ann\u00e9e \u00e0 Ursy, nous avons d\u00e9cid\u00e9 d\u2019innover, en utilisant le rond-point au centre du village. Son passage fera l\u2019objet d\u2019un concours : les soci\u00e9t\u00e9s sont libres d\u2019y participer ou non et le passage du rond-point est laiss\u00e9 \u00e0 la pleine imagination de chacun. Que la soci\u00e9t\u00e9 d\u00e9cide d\u2019encha\u00eener directement avec le concours de marche ou de s\u2019arr\u00eater, puis de repartir, qu\u2019elle d\u00e9cide d\u2019y jouer une marche, un morceau de vari\u00e9t\u00e9, de la litt\u00e9rature brass band pure, que son choix se porte sur un \u00ab\u00a0show\u00a0\u00bb sur place ou tout en mouvement, qu\u2019importe, le but est de se faire plaisir et surtout de faire plaisir aux spectateurs pr\u00e9sents.<\/p>\n<p><img loading=\"lazy\" decoding=\"async\" class=\"alignleft\" alt=\"colliard\" src=\"http:\/\/www.fanfareursy.ch\/wp-content\/uploads\/2014\/03\/colliard.jpg\" width=\"125\" height=\"160\" \/><img loading=\"lazy\" decoding=\"async\" class=\"alignright\" alt=\"devaud\" src=\"http:\/\/www.fanfareursy.ch\/wp-content\/uploads\/2014\/03\/devaud.jpg\" width=\"121\" height=\"160\" \/>Nous esp\u00e9rons voir de nombreux curieux au bord de nos routes ce dimanche matin-l\u00e0. Nous remercions d\u2019avance nos experts, Messieurs Marcel Colliard (\u00e0 gauche) et Jean-Luc Devaud, (\u00e0 droite) d\u2019avoir accept\u00e9 de juger la qualit\u00e9 du show pr\u00e9sent\u00e9 et son originalit\u00e9.<\/p>\n","protected":false},"excerpt":{"rendered":"<p>Le concours du rond-point : une nouveaut\u00e9 \u00e0 Ursy ! Vous connaissez sans aucun doute le traditionnel concours de marche du dimanche matin: plus de dix soci\u00e9t\u00e9s, du giron et d\u2019ailleurs, d\u00e9filent pour votre plus grand plaisir, au rythme des &hellip; <a href=\"http:\/\/www.fanfareursy.ch\/?page_id=663\">Continuer la lecture <span class=\"meta-nav\">&rarr;<\/span><\/a><\/p>\n","protected":false},"author":76,"featured_media":0,"parent":0,"menu_order":0,"comment_status":"closed","ping_status":"closed","template":"sidebar-page.php","meta":{"footnotes":""},"class_list":["post-663","page","type-page","status-publish","hentry"],"_links":{"self":[{"href":"http:\/\/www.fanfareursy.ch\/index.php?rest_route=\/wp\/v2\/pages\/663","targetHints":{"allow":["GET"]}}],"collection":[{"href":"http:\/\/www.fanfareursy.ch\/index.php?rest_route=\/wp\/v2\/pages"}],"about":[{"href":"http:\/\/www.fanfareursy.ch\/index.php?rest_route=\/wp\/v2\/types\/page"}],"author":[{"embeddable":true,"href":"http:\/\/www.fanfareursy.ch\/index.php?rest_route=\/wp\/v2\/users\/76"}],"replies":[{"embeddable":true,"href":"http:\/\/www.fanfareursy.ch\/index.php?rest_route=%2Fwp%2Fv2%2Fcomments&post=663"}],"version-history":[{"count":2,"href":"http:\/\/www.fanfareursy.ch\/index.php?rest_route=\/wp\/v2\/pages\/663\/revisions"}],"predecessor-version":[{"id":678,"href":"http:\/\/www.fanfareursy.ch\/index.php?rest_route=\/wp\/v2\/pages\/663\/revisions\/678"}],"wp:attachment":[{"href":"http:\/\/www.fanfareursy.ch\/index.php?rest_route=%2Fwp%2Fv2%2Fmedia&parent=663"}],"curies":[{"name":"wp","href":"https:\/\/api.w.org\/{rel}","templated":true}]}}