{"id":877,"date":"2014-10-04T15:12:03","date_gmt":"2014-10-04T14:12:03","guid":{"rendered":"http:\/\/www.ursy2014.ch\/?page_id=877"},"modified":"2015-02-08T14:42:39","modified_gmt":"2015-02-08T13:42:39","slug":"historique","status":"publish","type":"page","link":"http:\/\/www.fanfareursy.ch\/?page_id=877","title":{"rendered":"Historique"},"content":{"rendered":"<div class=\"page\" title=\"Page 21\">\n<div class=\"section\">\n<div class=\"layoutArea\">\n<div class=\"column\">\n<p>Quelques jeunes d\u2019Ursy, \u00e9pris de musique, fond\u00e8rent, le jeudi 16 d\u00e9cembre 1965, \u201cLa Fanfare Paroissiale d\u2019Ursy\u201d. Apr\u00e8s de nombreux conciliabules, le r\u00eave devint r\u00e9alit\u00e9. Monsieur Constant Oberson, laitier \u00e0 Vuarmarens, en devint le premier pr\u00e9sident, et Monsieur Louis Mugny, professeur \u00e0 Rue, le premier directeur. Les 49 premiers musiciens firent leurs armes de d\u00e9butants sur des instruments pr\u00eat\u00e9s par Monsieur Auberson de Vuarrens, repr\u00e9sentant d\u2019instruments de cuivres.<\/p>\n<p><a href=\"http:\/\/www.fanfareursy.ch\/wp-content\/uploads\/2015\/02\/Les-Fondateurs.jpg\"><img loading=\"lazy\" decoding=\"async\" class=\"alignleft wp-image-1212 size-medium\" src=\"http:\/\/www.fanfareursy.ch\/wp-content\/uploads\/2015\/02\/Les-Fondateurs-300x223.jpg\" alt=\"Les Fondateurs\" width=\"300\" height=\"223\" srcset=\"http:\/\/www.fanfareursy.ch\/wp-content\/uploads\/2015\/02\/Les-Fondateurs-300x223.jpg 300w, http:\/\/www.fanfareursy.ch\/wp-content\/uploads\/2015\/02\/Les-Fondateurs-1024x763.jpg 1024w, http:\/\/www.fanfareursy.ch\/wp-content\/uploads\/2015\/02\/Les-Fondateurs-403x300.jpg 403w, http:\/\/www.fanfareursy.ch\/wp-content\/uploads\/2015\/02\/Les-Fondateurs-300x223@2x.jpg 600w, http:\/\/www.fanfareursy.ch\/wp-content\/uploads\/2015\/02\/Les-Fondateurs-1024x763@2x.jpg 2048w, http:\/\/www.fanfareursy.ch\/wp-content\/uploads\/2015\/02\/Les-Fondateurs-403x300@2x.jpg 806w\" sizes=\"auto, (max-width: 300px) 100vw, 300px\" \/><\/a>C\u2019est en juillet 1966 que les fanfarons re\u00e7urent leurs nouveaux instruments, dont le co\u00fbt fut en grande partie couvert par une souscription. Le jour de P\u00e2ques 1967, nos musiciens donn\u00e8rent, pour la premi\u00e8re fois, une aubade aux paroissiens d\u2019Ursy. D\u00e8s lors, notre corps de musique prit part \u00e0 toutes les f\u00eates religieuses et profanes de la Paroisse.<\/p>\n<p>Sa demande d\u2019entr\u00e9e dans la Soci\u00e9t\u00e9 cantonale des musiques fribourgeoises fut accept\u00e9e le 23 avril 1967 et la premi\u00e8re sortie officielle eut lieu le 30 avril de la m\u00eame ann\u00e9e, \u00e0 Rue, lors de la f\u00eate des musiques gl\u00e2noises.<\/p>\n<p>Le 27 avril 1969 fut une date importante dans la vie de notre fanfare, puisque, ce dimanche-l\u00e0, les musiciens \u00e9taient fiers de b\u00e9nir leur premier drapeau et d\u2019\u00e9trenner leurs \u00e9l\u00e9gants uniformes. Pour la premi\u00e8re fois \u00e0 Ursy, le groupe des majorettes accompagnait les musiciens. Une semaine plus tard, soit le 4 mai 1969, la fanfare recevait un t\u00e9moignage de confiance : elle organisait sa premi\u00e8re f\u00eate des musiques de la Gl\u00e2ne.<\/p>\n<h2 id=\"tablepress-5-name\" class=\"tablepress-table-name tablepress-table-name-id-5\">Quelques dates importantes<\/h2>\n\n<table id=\"tablepress-5\" class=\"tablepress tablepress-id-5\" aria-labelledby=\"tablepress-5-name\">\n<thead>\n<tr class=\"row-1\">\n\t<th class=\"column-1\">Ann\u00e9e<\/th><th class=\"column-2\">Ev\u00e9nements<\/th>\n<\/tr>\n<\/thead>\n<tbody class=\"row-striping row-hover\">\n<tr class=\"row-2\">\n\t<td class=\"column-1\">1965<\/td><td class=\"column-2\">Fondation de la soci\u00e9t\u00e9 avec un effectif de 56 membres<\/td>\n<\/tr>\n<tr class=\"row-3\">\n\t<td class=\"column-1\">1967<\/td><td class=\"column-2\">Adh\u00e9sion \u00e0 la soci\u00e9t\u00e9 cantonale des musiques fribourgeoises<\/td>\n<\/tr>\n<tr class=\"row-4\">\n\t<td class=\"column-1\">1968<\/td><td class=\"column-2\">Fondation du corps de majorettes<\/td>\n<\/tr>\n<tr class=\"row-5\">\n\t<td class=\"column-1\">1969<\/td><td class=\"column-2\">B\u00e9n\u00e9diction du drapeau (parrain: Maurice Braillard - marraine : Gabrielle Jemmely - porte- drapeau : Emile Deillon)<br \/>\nInauguration des uniformes <br \/>\nOrganisation de la 20\u00e8me f\u00eate des musiques gl\u00e2noises<\/td>\n<\/tr>\n<tr class=\"row-6\">\n\t<td class=\"column-1\">1970<\/td><td class=\"column-2\">Premi\u00e8re participation \u00e0 la f\u00eate cantonale des musiques, \u00e0 Guin en 3\u00e8me division<\/td>\n<\/tr>\n<tr class=\"row-7\">\n\t<td class=\"column-1\">1971<\/td><td class=\"column-2\">Participation des majorettes au concours CH \u00e0 Moutier<\/td>\n<\/tr>\n<tr class=\"row-8\">\n\t<td class=\"column-1\">1974<\/td><td class=\"column-2\">Nomination de notre nouveau directeur, M. Michel Sottas, en remplacement de notre  directeur fondateur, M. Louis Mugny<\/td>\n<\/tr>\n<tr class=\"row-9\">\n\t<td class=\"column-1\">1975<\/td><td class=\"column-2\">Nous f\u00eatons dignement le 10\u00e8me anniversaire de notre soci\u00e9t\u00e9<br \/>\nF\u00eate cantonale des musiques, \u00e0 Romont en 3\u00e8me division<\/td>\n<\/tr>\n<tr class=\"row-10\">\n\t<td class=\"column-1\">1980<\/td><td class=\"column-2\">Sortie \u00e0 Aix-les-Bains, en France, \u00e0 l\u2019occasion de la f\u00eate des fleurs<br \/>\nParticipation \u00e0 la f\u00eate cantonale des musiques, \u00e0 Treyvaux en 2\u00e8me division<\/td>\n<\/tr>\n<tr class=\"row-11\">\n\t<td class=\"column-1\">1981<\/td><td class=\"column-2\">Sortie \u00e0 Bricquebec, en Normandie, \u00e0 l\u2019occasion de la r\u00e9union des fanfares europ\u00e9ennes<\/td>\n<\/tr>\n<tr class=\"row-12\">\n\t<td class=\"column-1\">1982<\/td><td class=\"column-2\">Nomination du nouveau directeur, M. Gabriel Giroud<\/td>\n<\/tr>\n<tr class=\"row-13\">\n\t<td class=\"column-1\">1983<\/td><td class=\"column-2\">Sortie \u00e0 Visille, en France, \u00e0 l\u2019occasion du Festival r\u00e9gional des musiques<\/td>\n<\/tr>\n<tr class=\"row-14\">\n\t<td class=\"column-1\">1984<\/td><td class=\"column-2\">Organisation de la 32\u00e8me f\u00eate des musiques gl\u00e2noises<\/td>\n<\/tr>\n<tr class=\"row-15\">\n\t<td class=\"column-1\">1985<\/td><td class=\"column-2\">Sortie \u00e0 Vinay, en France, \u00e0 l\u2019occasion du Festival r\u00e9gional des musiques<br \/>\nF\u00eate cantonale des musiques, \u00e0 Morat en 2\u00e8me division<\/td>\n<\/tr>\n<tr class=\"row-16\">\n\t<td class=\"column-1\">1987<\/td><td class=\"column-2\">Nomination de notre 2\u00e8me pr\u00e9sident, M. Fran\u00e7ois Gremaud, en remplacement de notre  pr\u00e9sident fondateur, M. Constant Oberson<\/td>\n<\/tr>\n<tr class=\"row-17\">\n\t<td class=\"column-1\">1990<\/td><td class=\"column-2\">Nous f\u00eatons dignement le 25\u00e8me anniversaire de notre soci\u00e9t\u00e9 <br \/>\nSortie \u00e0 P\u00e9ry-Reuchenette JU, \u00e0 l\u2019occasion du Festival des fanfares du Bas-Vallon<br \/>\nF\u00eate cantonale des musiques, \u00e0 Marly en 1\u00e8re division<\/td>\n<\/tr>\n<tr class=\"row-18\">\n\t<td class=\"column-1\">1993<\/td><td class=\"column-2\">Sortie \u00e0 Sass-Gr\u00fcnd<\/td>\n<\/tr>\n<tr class=\"row-19\">\n\t<td class=\"column-1\">1995<\/td><td class=\"column-2\">Sortie \u00e0 Saignel\u00e9gier<br \/>\nF\u00eate cantonale des musiques, \u00e0 Broc en 1\u00e8re division<\/td>\n<\/tr>\n<tr class=\"row-20\">\n\t<td class=\"column-1\">1996<\/td><td class=\"column-2\">F\u00eate f\u00e9d\u00e9rale \u00e0 Interlaken<\/td>\n<\/tr>\n<tr class=\"row-21\">\n\t<td class=\"column-1\">1999<\/td><td class=\"column-2\">Organisation de la 47\u00e8me f\u00eate des musiques gl\u00e2noises <br \/>\nNomination de M. Jos\u00e9 Niquille, Directeur<br \/>\nSortie \u00e0 St-Di\u00e9 des Vosges, en France, \u00e0 l\u2019occasion de la f\u00eate des fleurs<\/td>\n<\/tr>\n<tr class=\"row-22\">\n\t<td class=\"column-1\">2000<\/td><td class=\"column-2\">Nomination de notre 3\u00e8me pr\u00e9sident, M. Hubert Conus<br \/>\nF\u00eate cantonale des musiques \u00e0 Estavayer-le-Lac, 1er en 1\u00e8re division<\/td>\n<\/tr>\n<tr class=\"row-23\">\n\t<td class=\"column-1\">2001<\/td><td class=\"column-2\">Sortie \u00e0 Ste-Maure-de-Touraine, en France, \u00e0 l\u2019occasion de la f\u00eate nationale<\/td>\n<\/tr>\n<tr class=\"row-24\">\n\t<td class=\"column-1\">2002<\/td><td class=\"column-2\">D\u00e9c\u00e8s de notre Marraine Gabrielle Jemmely <br \/>\nSortie \u00e0 Tavannes<br \/>\nOrganisation du 9\u00e8me concours cantonal fribourgeois de solistes<\/td>\n<\/tr>\n<tr class=\"row-25\">\n\t<td class=\"column-1\">2003<\/td><td class=\"column-2\">Participation au premier concours show \u00e0 S\u00e2les <br \/>\nNomination de notre directeur actuel, M. Serge Gros<\/td>\n<\/tr>\n<tr class=\"row-26\">\n\t<td class=\"column-1\">2004<\/td><td class=\"column-2\">D\u00e9c\u00e8s de notre Parrain Maurice Braillard<br \/>\nConcours-show \u00e0 M\u00e9zi\u00e8res\/VD, 2\u00e8me prix (avec les soci\u00e9t\u00e9s de Mont-sur-Rolle et V\u00e9troz)<br \/>\nParticipation \u00e0 la f\u00eate des musiques populaires \u00e0 Moudon, pour la TSR<\/td>\n<\/tr>\n<tr class=\"row-27\">\n\t<td class=\"column-1\">2005<\/td><td class=\"column-2\">F\u00eate cantonale des musiques \u00e0 Fribourg, 1er en 1\u00e8re division <br \/>\nNomination du moniteur tambour, M. Dominique Magnin<br \/>\n40\u00e8me anniversaire et b\u00e9n\u00e9diction de la nouvelle banni\u00e8re:<br \/>\nMarraine: Mme Ginette Magnin - Parrain: M. G\u00e9rald Bovet - Porte-drapeau: M. Claude Riedo<\/td>\n<\/tr>\n<tr class=\"row-28\">\n\t<td class=\"column-1\">2006<\/td><td class=\"column-2\">Concours-show \u00e0 Etoy\/VD, 1er prix (avec les soci\u00e9t\u00e9s de Crissier et de M\u00e9zi\u00e8res\/VD)<\/td>\n<\/tr>\n<tr class=\"row-29\">\n\t<td class=\"column-1\">2007<\/td><td class=\"column-2\">Sortie \u00e0 Aproz \u00e0 l'occasion de l'inauguartion de leurs nouveaux uniformes<br \/>\nSortie \u00e0 Nax de 2 jours lors de la f\u00eate du village<br \/>\nCort\u00e8ge \u00e0 Ch\u00e2tel-St-Denis pour le Syndicat Chevalain<br \/>\nCort\u00e8ge \u00e0 Ch\u00e2tel-St-Denis pour la f\u00eate de la B\u00e9nichon<\/td>\n<\/tr>\n<tr class=\"row-30\">\n\t<td class=\"column-1\">2008<\/td><td class=\"column-2\">Concert \"m\u00e9morable\" \u00e0 Aclens<br \/>\nOrganisation de la 1\u00e8re f\u00eate de la B\u00e9nichon \u00e0 Ursy<\/td>\n<\/tr>\n<tr class=\"row-31\">\n\t<td class=\"column-1\">2009<\/td><td class=\"column-2\">Organisation de l'assembl\u00e9e cantonale 2009<br \/>\nConcours-Show \u00e0 Grolley, 1er prix (avec les soci\u00e9t\u00e9s d'Euphonia et de Mont-sur-Rolle)<br \/>\nOrganisation de la 2\u00e8me f\u00eate de la B\u00e9nichon \u00e0 Ursy<\/td>\n<\/tr>\n<tr class=\"row-32\">\n\t<td class=\"column-1\">2010<\/td><td class=\"column-2\">F\u00eate cantonale des musiques \u00e0 Ch\u00e2tel-Saint-Denis, 2\u00e8me en 1\u00e8re division<br \/>\nSortie \u00e0 Europapark<br \/>\nOrganisation de la 3\u00e8me f\u00eate de la b\u00e9nichon \u00e0 Ursy<br \/>\nNomination du montiteur tambour, M. Didier Laurent<\/td>\n<\/tr>\n<tr class=\"row-33\">\n\t<td class=\"column-1\">2011<\/td><td class=\"column-2\">Organisation de la 4\u00e8me f\u00eate de la B\u00e9nichon \u00e0 Ursy<br \/>\nSortie \u00e0 la F\u00eate des Ecoles \u00e0 Lancy<\/td>\n<\/tr>\n<tr class=\"row-34\">\n\t<td class=\"column-1\">2012<\/td><td class=\"column-2\">Sortie \u00e0 Eguisheim en Alsace<br \/>\nOrganisation de la 5\u00e8me f\u00eate de la B\u00e9nichon \u00e0 Ursy<\/td>\n<\/tr>\n<tr class=\"row-35\">\n\t<td class=\"column-1\">2013<\/td><td class=\"column-2\">Show \u00e0 la f\u00eate cantonale des musiques vaudoises \u00e0 Savigny<br \/>\nShow \u00e0 Bursins pour l'\u00e9cole musique de Rolle<br \/>\nSortie \u00e0 Conthey et pr\u00e9sentation de notre Show \"Les Jeux Olympiques\"<br \/>\nOrganisation de la 6\u00e8me f\u00eate de la B\u00e9nichon \u00e0 Ursy<\/td>\n<\/tr>\n<tr class=\"row-36\">\n\t<td class=\"column-1\">2014<\/td><td class=\"column-2\">Organisation de la 56\u00e8me F\u00eate des Musiques de la Gl\u00e2ne<br \/>\nOrganisation de la 7\u00e8me f\u00eate de la B\u00e9nichon \u00e0 Ursy<\/td>\n<\/tr>\n<tr class=\"row-37\">\n\t<td class=\"column-1\">2015<\/td><td class=\"column-2\">Festivit\u00e9s du 50e, du 1er janvier au 31 d\u00e9cembre : un loto, fondation du Girls in Brass, 5 repr\u00e9sentations du souper-spectacle Le Chevalier-Poussi\u00e8re, le R\u00e9veillon du Nouvel-An.<br \/>\nF\u00eate cantonale des musiques \u00e0 W\u00fcnnewil, 1er de la cat\u00e9gorie Brass Band de 1\u00e8re cat\u00e9gorie, 2\u00e8me de la cat\u00e9gorie batterie anglaise (tambours).<br \/>\nNomination du moniteur tambour, M. Simon Panchaud.<br \/>\nDissolution des majorettes.<br \/>\nOrganisation de la 8\u00e8me f\u00eate de la B\u00e9nichon \u00e0 Ursy.<br \/>\nInauguration de nos nouveaux uniformes, financ\u00e9s par une souscription et les festivit\u00e9s du 50e.<\/td>\n<\/tr>\n<tr class=\"row-38\">\n\t<td class=\"column-1\">2016<\/td><td class=\"column-2\">F\u00eate f\u00e9d\u00e9rale \u00e0 Montreux, avec une brillante 5e place de la cat\u00e9gorie Brass Band de 1\u00e8re cat\u00e9gorie<\/td>\n<\/tr>\n<tr class=\"row-39\">\n\t<td class=\"column-1\">2017<\/td><td class=\"column-2\">Participation avec la soci\u00e9t\u00e9 de musique l\u2019Avenir de Barber\u00eache-Courtepin \u00e0 leur concert de l\u2019Avent<\/td>\n<\/tr>\n<tr class=\"row-40\">\n\t<td class=\"column-1\">2018<\/td><td class=\"column-2\">Participation \u00e0 la F\u00eate Cantonale des Musiques Vaudoises \u00e0 la Vall\u00e9e de Joux avec une excellente 1\u00e8re place de nos tambours ainsi qu\u2019un 3\u00e8me rang en 1\u00e8re BB<br \/>\nNomination de M. Fran\u00e7ois Gremaud, pr\u00e9sident de la soci\u00e9t\u00e9 de 1987 \u00e0 2000, en tant que Pr\u00e9sident d\u2019Honneur<\/td>\n<\/tr>\n<tr class=\"row-41\">\n\t<td class=\"column-1\">2019<\/td><td class=\"column-2\">Participation, avec l\u2019Ensemble de Cuivres M\u00e9lodia B au Concert-Show \u00e0 Aclens dans le cadre du Giron des musiques du pied-du-Jura<\/td>\n<\/tr>\n<tr class=\"row-42\">\n\t<td class=\"column-1\">2020<\/td><td class=\"column-2\">La fanfare paroissiale d'Ursy est soci\u00e9t\u00e9 co-organisatrice, de la 23\u00e8me f\u00eate cantonale des musiques fribourgeoises Musico\u2019Bourg 2020. Cette manifestation a malheureusement d\u00fb \u00eatre annul\u00e9e suite \u00e0 la pand\u00e9mie Covid 19<\/td>\n<\/tr>\n<tr class=\"row-43\">\n\t<td class=\"column-1\">2021<\/td><td class=\"column-2\">Nomination de M. Philippe Gremaud en tant que pr\u00e9sident d'honneur. Philippe a pr\u00e9sid\u00e9 la soci\u00e9t\u00e9 durant 16 ans, de 2004 \u00e0 2020.<\/td>\n<\/tr>\n<tr class=\"row-44\">\n\t<td class=\"column-1\">2022<\/td><td class=\"column-2\">Notre directeur Serge Gros termine son activit\u00e9 \u00e0 la t\u00eate de la soci\u00e9t\u00e9, apr\u00e8s 19 ans d'activit\u00e9. Cyril Perrenoud lui succ\u00e8de<\/td>\n<\/tr>\n<tr class=\"row-45\">\n\t<td class=\"column-1\">2023<\/td><td class=\"column-2\">La soci\u00e9t\u00e9 se pr\u00e9sente pour la premi\u00e8re fois de son histoire au concours suisse des brass-bands (CSBB) \u00e0 Lucerne, en 1\u00e8re cat\u00e9gorie<\/td>\n<\/tr>\n<tr class=\"row-46\">\n\t<td class=\"column-1\">2025<\/td><td class=\"column-2\">Participation \u00e0 la 24\u00e8me f\u00eate cantonale des musiques fribourgeoise. La soci\u00e9t\u00e9 se classe au 5\u00e8me rang en cat\u00e9gorie BB 1\u00e8re.<br \/>\n60\u00e8me anniversaire de la soci\u00e9t\u00e9 avec l'organisation d'un souper de soutien le 22 novembre et un concert de l'Avent avec le soliste invit\u00e9: Tom Hutchinson.<\/td>\n<\/tr>\n<\/tbody>\n<\/table>\n<!-- #tablepress-5 from cache -->\n<\/div>\n<\/div>\n<\/div>\n<\/div>\n","protected":false},"excerpt":{"rendered":"<p>Quelques jeunes d\u2019Ursy, \u00e9pris de musique, fond\u00e8rent, le jeudi 16 d\u00e9cembre 1965, \u201cLa Fanfare Paroissiale d\u2019Ursy\u201d. Apr\u00e8s de nombreux conciliabules, le r\u00eave devint r\u00e9alit\u00e9. Monsieur Constant Oberson, laitier \u00e0 Vuarmarens, en devint le premier pr\u00e9sident, et Monsieur Louis Mugny, professeur &hellip; <a href=\"http:\/\/www.fanfareursy.ch\/?page_id=877\">Continuer la lecture <span class=\"meta-nav\">&rarr;<\/span><\/a><\/p>\n","protected":false},"author":76,"featured_media":0,"parent":0,"menu_order":0,"comment_status":"closed","ping_status":"closed","template":"sidebar-page.php","meta":{"footnotes":""},"class_list":["post-877","page","type-page","status-publish","hentry"],"_links":{"self":[{"href":"http:\/\/www.fanfareursy.ch\/index.php?rest_route=\/wp\/v2\/pages\/877","targetHints":{"allow":["GET"]}}],"collection":[{"href":"http:\/\/www.fanfareursy.ch\/index.php?rest_route=\/wp\/v2\/pages"}],"about":[{"href":"http:\/\/www.fanfareursy.ch\/index.php?rest_route=\/wp\/v2\/types\/page"}],"author":[{"embeddable":true,"href":"http:\/\/www.fanfareursy.ch\/index.php?rest_route=\/wp\/v2\/users\/76"}],"replies":[{"embeddable":true,"href":"http:\/\/www.fanfareursy.ch\/index.php?rest_route=%2Fwp%2Fv2%2Fcomments&post=877"}],"version-history":[{"count":4,"href":"http:\/\/www.fanfareursy.ch\/index.php?rest_route=\/wp\/v2\/pages\/877\/revisions"}],"predecessor-version":[{"id":1219,"href":"http:\/\/www.fanfareursy.ch\/index.php?rest_route=\/wp\/v2\/pages\/877\/revisions\/1219"}],"wp:attachment":[{"href":"http:\/\/www.fanfareursy.ch\/index.php?rest_route=%2Fwp%2Fv2%2Fmedia&parent=877"}],"curies":[{"name":"wp","href":"https:\/\/api.w.org\/{rel}","templated":true}]}}