{"id":952,"date":"2014-11-02T20:50:10","date_gmt":"2014-11-02T19:50:10","guid":{"rendered":"http:\/\/www.ursy2014.ch\/?page_id=952"},"modified":"2021-04-14T19:24:28","modified_gmt":"2021-04-14T18:24:28","slug":"president-cadets-et-commission-de-musique","status":"publish","type":"page","link":"http:\/\/www.fanfareursy.ch\/?page_id=952","title":{"rendered":"Responsable de l&rsquo;\u00e9cole de musique et des cadets"},"content":{"rendered":"<p><img loading=\"lazy\" decoding=\"async\" class=\"size-full wp-image-1626 alignleft\" src=\"http:\/\/www.fanfareursy.ch\/wp-content\/uploads\/2016\/07\/didierConus.jpg\" alt=\"didierConus\" width=\"150\" height=\"150\" \/>Didier Conus est un trompettiste \u00e9m\u00e9rite, il a \u00e9t\u00e9 \u00e0 plusieurs reprises laur\u00e9at du <a href=\"http:\/\/www.sjmw.ch\/fr\/content\/der-wettbewerb-klassik\" target=\"_blank\" rel=\"noopener noreferrer\">concours Suisse de musique pour la Jeunesse<\/a>. Il a aussi obtenu une bourse de la <a href=\"http:\/\/www.friedlwald-stiftung.ch\/\" target=\"_blank\" rel=\"noopener noreferrer\">Fondation Friedl-Wald<\/a> \u00e0 B\u00e2le.<\/p>\n<p>Il obtient son dipl\u00f4me d&rsquo;enseignement et de virtuosit\u00e9 au Conservatoire de Fribourg. Il a dirig\u00e9 la <a href=\"http:\/\/www.fanfare-courtepin.ch\/\" target=\"_blank\" rel=\"noopener noreferrer\">fanfare de Courtepin<\/a> durant 10 ann\u00e9es de 2000 \u00e0 2010.<\/p>\n<p>Didier est cornettiste au sein de notre fanfare, il est \u00e9galement enseignant au <a href=\"http:\/\/www.fr.ch\/cof\/fr\/pub\/index.cfm\" target=\"_blank\" rel=\"noopener noreferrer\">Conservatoire de Fribourg<\/a> et trompettiste \u00e0 l\u2019<a href=\"http:\/\/www.ocf.ch\/fr\" target=\"_blank\" rel=\"noopener noreferrer\">Orchestre de Chambre Fribourgeois<\/a>.<\/p>\n<p>Didier s\u2019occupe de notre \u00e9cole de musique et de nos cadets depuis l\u2019automne 2016. Merci \u00e0 toi, Didier, pour ta motivation, ton s\u00e9rieux et ton engagement envers nos jeunes.<\/p>\n<p>Contact : 079 239 64 86, <a href=\"mailto:cdconus@gmail.com\">cdconus@gmail.com<\/a><\/p>\n","protected":false},"excerpt":{"rendered":"<p>Didier Conus est un trompettiste \u00e9m\u00e9rite, il a \u00e9t\u00e9 \u00e0 plusieurs reprises laur\u00e9at du concours Suisse de musique pour la Jeunesse. Il a aussi obtenu une bourse de la Fondation Friedl-Wald \u00e0 B\u00e2le. Il obtient son dipl\u00f4me d&rsquo;enseignement et de &hellip; <a href=\"http:\/\/www.fanfareursy.ch\/?page_id=952\">Continuer la lecture <span class=\"meta-nav\">&rarr;<\/span><\/a><\/p>\n","protected":false},"author":76,"featured_media":0,"parent":0,"menu_order":0,"comment_status":"closed","ping_status":"closed","template":"sidebar-page.php","meta":{"footnotes":""},"class_list":["post-952","page","type-page","status-publish","hentry"],"_links":{"self":[{"href":"http:\/\/www.fanfareursy.ch\/index.php?rest_route=\/wp\/v2\/pages\/952","targetHints":{"allow":["GET"]}}],"collection":[{"href":"http:\/\/www.fanfareursy.ch\/index.php?rest_route=\/wp\/v2\/pages"}],"about":[{"href":"http:\/\/www.fanfareursy.ch\/index.php?rest_route=\/wp\/v2\/types\/page"}],"author":[{"embeddable":true,"href":"http:\/\/www.fanfareursy.ch\/index.php?rest_route=\/wp\/v2\/users\/76"}],"replies":[{"embeddable":true,"href":"http:\/\/www.fanfareursy.ch\/index.php?rest_route=%2Fwp%2Fv2%2Fcomments&post=952"}],"version-history":[{"count":6,"href":"http:\/\/www.fanfareursy.ch\/index.php?rest_route=\/wp\/v2\/pages\/952\/revisions"}],"predecessor-version":[{"id":2033,"href":"http:\/\/www.fanfareursy.ch\/index.php?rest_route=\/wp\/v2\/pages\/952\/revisions\/2033"}],"wp:attachment":[{"href":"http:\/\/www.fanfareursy.ch\/index.php?rest_route=%2Fwp%2Fv2%2Fmedia&parent=952"}],"curies":[{"name":"wp","href":"https:\/\/api.w.org\/{rel}","templated":true}]}}