{"id":978,"date":"2014-11-03T21:42:49","date_gmt":"2014-11-03T20:42:49","guid":{"rendered":"http:\/\/www.ursy2014.ch\/?page_id=978"},"modified":"2016-01-02T13:45:33","modified_gmt":"2016-01-02T12:45:33","slug":"50e-anniversaire-de-la-fanfare-dursy","status":"publish","type":"page","link":"http:\/\/www.fanfareursy.ch\/?page_id=978","title":{"rendered":"50e anniversaire de la Fanfare d&rsquo;Ursy"},"content":{"rendered":"<p>Afin de c\u00e9l\u00e9brer le 50<sup>e<\/sup> anniversaire de sa fondation, la fanfare d\u2019Ursy a d\u00e9cid\u00e9 d\u2019organiser des \u00e9v\u00e9nements sur toute l\u2019ann\u00e9e 2015. Ces \u00e9v\u00e9nements feront la part belle \u00e0 la musique et \u00e0 l\u2019innovation, en donnant un regard sur le pass\u00e9 mais \u00e9galement sur l\u2019avenir.<\/p>\n<p>Les festivit\u00e9s seront accompagn\u00e9es d\u2019une vente de fondues\u00a0et d\u2019une souscription. L\u2019ensemble des fonds r\u00e9colt\u00e9s sera int\u00e9gralement investi dans un nouvel uniforme.<\/p>\n<p>Nous invitons toute la population de la paroisse d\u2019Ursy, du district de la Gl\u00e2ne, du canton de Fribourg et d\u2019ailleurs \u00e0 c\u00e9l\u00e9brer notre 50<sup>e<\/sup> anniversaire avec nous, dans la convivialit\u00e9 et l\u2019enthousiasme.<\/p>\n<h2>LOTO DU 50<sup>E<\/sup>, 1<sup>er<\/sup> janvier<\/h2>\n<p>L\u2019ann\u00e9e 2015 commencera par un\u00a0loto (16h00). Les lotos sont une sp\u00e9cialit\u00e9 de la fanfare qui vous promet des lots exceptionnels afin de commencer l\u2019ann\u00e9e avec un peu de chance. Mais pour gagner, il faudra participer\u00a0!<\/p>\n<h2><a title=\"Girls in Brass\" href=\"http:\/\/www.fanfareursy.ch\/?page_id=1094\">GIRLS IN BRASS, 20 et 21 juin<\/a><\/h2>\n<p>La fanfare a \u00e9t\u00e9 fond\u00e9e en 1965. Elle ne comptait alors que des hommes\u00a0! D\u00e9j\u00e0 en 1968 Ursy innovait en fondant un corps de majorettes\u00a0! Les femmes font maintenant partie int\u00e9grante de nos ensembles.<\/p>\n<p>Le mouvement des brass bands, venu d\u2019Angleterre en Suisse dans les ann\u00e9es 1970, s\u2019est \u00e9galement propag\u00e9 dans nos fanfares villageoises, comme \u00e0 Ursy.<\/p>\n<p>C\u2019est pour c\u00e9l\u00e9brer ces deux mouvements qu\u2019en 2015, Ursy innove encore en cr\u00e9ant pour l\u2019occasion le premier brass band enti\u00e8rement f\u00e9minin\u00a0! Cet ensemble a \u00e9t\u00e9 form\u00e9 sur invitations, avec des instrumentistes chevronn\u00e9es provenant de diff\u00e9rents cantons.<\/p>\n<p>Deux concerts sont organis\u00e9s au Bicubic de Romont (20 juin, 20h) et \u00e0 la salle polyvalente de Conthey (21 juin, 17h).<\/p>\n<h2><a href=\"http:\/\/www.fanfareursy.ch\/?page_id=1369\">LE CHEVALIER-POUSSIERE, 6, 7, 8, 13\u00a0et 14\u00a0novembre<\/a><\/h2>\n<p>\u00c0 Ursy, on ne f\u00eate plus l\u2019anniversaire de la fanfare sans une revue\u00a0! Cette fois nous innovons encore\u00a0avec \u00ab\u00a0Le Chevalier-Poussi\u00e8re\u00a0\u00bb,\u00a0un spectacle \u00ab\u00a0humour et musique\u00a0\u00bb\u00a0interpr\u00e9t\u00e9 par la fanfare et ses amis. 5 repr\u00e9sentations seront donn\u00e9es sous forme d\u2019un souper-spectacle convivial. Pour le reste\u2026 suspense\u00a0!<\/p>\n<h2><a title=\"Souscriptions\" href=\"https:\/\/www.flickr.com\/photos\/127564588@N04\/albums\/72157659544442414\" target=\"_blank\">INAUGURATION DES UNIFORMES, 15\u00a0novembre<\/a><\/h2>\n<p>Ce n\u2019est que le dimanche 15\u00a0novembre que vous verrez enfin le nouvel uniforme de la fanfare, c\u00e9l\u00e9br\u00e9 comme il se doit avec une b\u00e9n\u00e9diction \u00e0 l\u2019\u00e9glise et lors d\u2019un banquet.<\/p>\n<h2><a href=\"http:\/\/www.fanfareursy.ch\/?p=1528\">REVEILLON, 31 d\u00e9cembre<\/a><\/h2>\n<p>Le dernier jour de l\u2019ann\u00e9e 2015 sera l\u2019occasion de mettre un terme aux festivit\u00e9s du 50<sup>e<\/sup>, dans un souper r\u00e9cr\u00e9atif\u00a0du Nouvel An. Ce souper de soutien sera anim\u00e9 par notre DJ Johann Demierre\u00a0afin de voir l\u2019avenir dans la joie et la bonne humeur en commen\u00e7ant ensemble la 51<sup>e<\/sup> ann\u00e9e\u00a0!<\/p>\n","protected":false},"excerpt":{"rendered":"<p>Afin de c\u00e9l\u00e9brer le 50e anniversaire de sa fondation, la fanfare d\u2019Ursy a d\u00e9cid\u00e9 d\u2019organiser des \u00e9v\u00e9nements sur toute l\u2019ann\u00e9e 2015. Ces \u00e9v\u00e9nements feront la part belle \u00e0 la musique et \u00e0 l\u2019innovation, en donnant un regard sur le pass\u00e9 &hellip; <a href=\"http:\/\/www.fanfareursy.ch\/?page_id=978\">Continuer la lecture <span class=\"meta-nav\">&rarr;<\/span><\/a><\/p>\n","protected":false},"author":76,"featured_media":0,"parent":0,"menu_order":0,"comment_status":"closed","ping_status":"closed","template":"sidebar-page.php","meta":{"footnotes":""},"class_list":["post-978","page","type-page","status-publish","hentry"],"_links":{"self":[{"href":"http:\/\/www.fanfareursy.ch\/index.php?rest_route=\/wp\/v2\/pages\/978","targetHints":{"allow":["GET"]}}],"collection":[{"href":"http:\/\/www.fanfareursy.ch\/index.php?rest_route=\/wp\/v2\/pages"}],"about":[{"href":"http:\/\/www.fanfareursy.ch\/index.php?rest_route=\/wp\/v2\/types\/page"}],"author":[{"embeddable":true,"href":"http:\/\/www.fanfareursy.ch\/index.php?rest_route=\/wp\/v2\/users\/76"}],"replies":[{"embeddable":true,"href":"http:\/\/www.fanfareursy.ch\/index.php?rest_route=%2Fwp%2Fv2%2Fcomments&post=978"}],"version-history":[{"count":19,"href":"http:\/\/www.fanfareursy.ch\/index.php?rest_route=\/wp\/v2\/pages\/978\/revisions"}],"predecessor-version":[{"id":1535,"href":"http:\/\/www.fanfareursy.ch\/index.php?rest_route=\/wp\/v2\/pages\/978\/revisions\/1535"}],"wp:attachment":[{"href":"http:\/\/www.fanfareursy.ch\/index.php?rest_route=%2Fwp%2Fv2%2Fmedia&parent=978"}],"curies":[{"name":"wp","href":"https:\/\/api.w.org\/{rel}","templated":true}]}}