{"id":1037,"date":"2014-12-23T12:23:42","date_gmt":"2014-12-23T11:23:42","guid":{"rendered":"http:\/\/www.fanfareursy.ch\/?page_id=1037"},"modified":"2014-12-23T15:19:11","modified_gmt":"2014-12-23T14:19:11","slug":"acces-restreint","status":"publish","type":"page","link":"https:\/\/www.fanfareursy.ch\/?page_id=1037","title":{"rendered":"Page interne"},"content":{"rendered":"<p>Je pense qu&rsquo;il est pr\u00e9f\u00e9rable de ne g\u00e9rer les \u00ab\u00a0affaires internes\u00a0\u00bb qu&rsquo;avec des articles, sans menu (autre que Fanfare &gt; Articles internes) ni page statique comme celle-ci !<\/p>\n","protected":false},"excerpt":{"rendered":"<p>Je pense qu&rsquo;il est pr\u00e9f\u00e9rable de ne g\u00e9rer les \u00ab\u00a0affaires internes\u00a0\u00bb qu&rsquo;avec des articles, sans menu (autre que Fanfare &gt; Articles internes) ni page statique comme celle-ci !<\/p>\n","protected":false},"author":76,"featured_media":0,"parent":0,"menu_order":0,"comment_status":"closed","ping_status":"closed","template":"sidebar-page.php","meta":{"footnotes":""},"class_list":["post-1037","page","type-page","status-publish","hentry"],"_links":{"self":[{"href":"https:\/\/www.fanfareursy.ch\/index.php?rest_route=\/wp\/v2\/pages\/1037","targetHints":{"allow":["GET"]}}],"collection":[{"href":"https:\/\/www.fanfareursy.ch\/index.php?rest_route=\/wp\/v2\/pages"}],"about":[{"href":"https:\/\/www.fanfareursy.ch\/index.php?rest_route=\/wp\/v2\/types\/page"}],"author":[{"embeddable":true,"href":"https:\/\/www.fanfareursy.ch\/index.php?rest_route=\/wp\/v2\/users\/76"}],"replies":[{"embeddable":true,"href":"https:\/\/www.fanfareursy.ch\/index.php?rest_route=%2Fwp%2Fv2%2Fcomments&post=1037"}],"version-history":[{"count":5,"href":"https:\/\/www.fanfareursy.ch\/index.php?rest_route=\/wp\/v2\/pages\/1037\/revisions"}],"predecessor-version":[{"id":1060,"href":"https:\/\/www.fanfareursy.ch\/index.php?rest_route=\/wp\/v2\/pages\/1037\/revisions\/1060"}],"wp:attachment":[{"href":"https:\/\/www.fanfareursy.ch\/index.php?rest_route=%2Fwp%2Fv2%2Fmedia&parent=1037"}],"curies":[{"name":"wp","href":"https:\/\/api.w.org\/{rel}","templated":true}]}}