{"id":1094,"date":"2015-01-12T21:11:26","date_gmt":"2015-01-12T20:11:26","guid":{"rendered":"http:\/\/www.fanfareursy.ch\/?page_id=1094"},"modified":"2015-06-23T05:16:33","modified_gmt":"2015-06-23T04:16:33","slug":"girls-in-brass","status":"publish","type":"page","link":"https:\/\/www.fanfareursy.ch\/?page_id=1094","title":{"rendered":"Girls in Brass"},"content":{"rendered":"<p><a href=\"https:\/\/www.fanfareursy.ch\/wp-content\/uploads\/2015\/06\/IMG_1940.jpg\"><img loading=\"lazy\" decoding=\"async\" class=\"alignnone size-large wp-image-1355\" src=\"https:\/\/www.fanfareursy.ch\/wp-content\/uploads\/2015\/06\/IMG_1940-1024x338.jpg\" alt=\"IMG_1940\" width=\"584\" height=\"193\" srcset=\"https:\/\/www.fanfareursy.ch\/wp-content\/uploads\/2015\/06\/IMG_1940-1024x338.jpg 1024w, https:\/\/www.fanfareursy.ch\/wp-content\/uploads\/2015\/06\/IMG_1940-300x99.jpg 300w, https:\/\/www.fanfareursy.ch\/wp-content\/uploads\/2015\/06\/IMG_1940-500x165.jpg 500w, https:\/\/www.fanfareursy.ch\/wp-content\/uploads\/2015\/06\/IMG_1940-1024x338@2x.jpg 2048w, https:\/\/www.fanfareursy.ch\/wp-content\/uploads\/2015\/06\/IMG_1940-300x99@2x.jpg 600w, https:\/\/www.fanfareursy.ch\/wp-content\/uploads\/2015\/06\/IMG_1940-500x165@2x.jpg 1000w\" sizes=\"auto, (max-width: 584px) 100vw, 584px\" \/><\/a><\/p>\n<p>Pour la premi\u00e8re fois, les meilleures musiciennes des brass bands de Suisse se sont regroup\u00e9es pour former le \u00ab\u00a0Girls in Brass\u00a0\u00bb.\u00a0Deux concerts exceptionnels, le premier au Bicubic \u00e0 Romont, le 2\u00e8me \u00e0 la Salle Polyvalente de Conthey, les 20 et 21 juin 2015.<\/p>\n<p>Merci les Girls, vous \u00eates les meilleures !!!<\/p>\n<p>Les 2 parties du concert de Romont :<br \/>\n<iframe loading=\"lazy\" src=\"\/\/www.youtube.com\/embed\/XZfEVBpQ_So\" width=\"600\" height=\"360\" frameborder=\"0\"><\/iframe><\/p>\n<p><iframe loading=\"lazy\" src=\"\/\/www.youtube.com\/embed\/HUUhjqrfdq4\" width=\"600\" height=\"360\" frameborder=\"0\"><\/iframe><\/p>\n<p><a href=\"https:\/\/flic.kr\/s\/aHske9DLYS\" target=\"_blank\">L&rsquo;album photos sur Flickr<\/a><\/p>\n<!-- Awesome Flickr Gallery Start --><!-- - Version - 3.5.6 - User ID - 127564588@N04 - Photoset ID - 72157654531298106 - Gallery ID -  - Group ID -  - Tags -  - Popular -  - Per Page - 18 - Sort Order - random - Photo Size - _s - Custom Size - 0 - Square - false - Captions - off - Description - off - Columns - 6 - Credit Note - off - Background Color - Transparent - Width - auto - Pagination - off - Slideshow - colorbox - Disable slideshow? - --><div class='afg-gallery custom-gallery-6' id='afg-6' style='background-color:Transparent; width:100%; color:; border-color:Transparent;'><div class='afg-table' style='width:100%'><div class='afg-row'><div class='afg-cell' style='width:16%;'><a class='afgcolorbox' rel='example46'  href='https:\/\/farm1.staticflickr.com\/396\/18442017683_e59c8f6137_b.jpg' title='IMG_6341'><img class='afg-img' title='IMG_6341' src='https:\/\/farm1.static.flickr.com\/396\/18442017683_e59c8f6137_s.jpg' alt='IMG_6341 \u2022 &lt;a style=&quot;font-size:0.8em;&quot; href=&quot;http:\/\/www.flickr.com\/photos\/127564588@N04\/18442017683\/&quot; target=&quot;_blank&quot;&gt;View on Flickr&lt;\/a&gt;'\/><\/a><\/div><div class='afg-cell' style='width:16%;'><a class='afgcolorbox' rel='example46'  href='https:\/\/farm4.staticflickr.com\/3790\/18644241189_f13a10075e_b.jpg' title='IMG_1882'><img class='afg-img' title='IMG_1882' src='https:\/\/farm4.static.flickr.com\/3790\/18644241189_f13a10075e_s.jpg' alt='IMG_1882 \u2022 &lt;a style=&quot;font-size:0.8em;&quot; href=&quot;http:\/\/www.flickr.com\/photos\/127564588@N04\/18644241189\/&quot; target=&quot;_blank&quot;&gt;View on Flickr&lt;\/a&gt;'\/><\/a><\/div><div class='afg-cell' style='width:16%;'><a class='afgcolorbox' rel='example46'  href='https:\/\/farm1.staticflickr.com\/541\/18874390978_3fdc39460a_b.jpg' title='IMG_2016'><img class='afg-img' title='IMG_2016' src='https:\/\/farm1.static.flickr.com\/541\/18874390978_3fdc39460a_s.jpg' alt='IMG_2016 \u2022 &lt;a style=&quot;font-size:0.8em;&quot; href=&quot;http:\/\/www.flickr.com\/photos\/127564588@N04\/18874390978\/&quot; target=&quot;_blank&quot;&gt;View on Flickr&lt;\/a&gt;'\/><\/a><\/div><div class='afg-cell' style='width:16%;'><a class='afgcolorbox' rel='example46'  href='https:\/\/farm4.staticflickr.com\/3696\/18439551074_7c6a26e9f1_b.jpg' title='IMG_2010'><img class='afg-img' title='IMG_2010' src='https:\/\/farm4.static.flickr.com\/3696\/18439551074_7c6a26e9f1_s.jpg' alt='IMG_2010 \u2022 &lt;a style=&quot;font-size:0.8em;&quot; href=&quot;http:\/\/www.flickr.com\/photos\/127564588@N04\/18439551074\/&quot; target=&quot;_blank&quot;&gt;View on Flickr&lt;\/a&gt;'\/><\/a><\/div><div class='afg-cell' style='width:16%;'><a class='afgcolorbox' rel='example46'  href='https:\/\/farm1.staticflickr.com\/269\/18388655344_5a04bbd81d_b.jpg' title='IMG_1972'><img class='afg-img' title='IMG_1972' src='https:\/\/farm1.static.flickr.com\/269\/18388655344_5a04bbd81d_s.jpg' alt='IMG_1972 \u2022 &lt;a style=&quot;font-size:0.8em;&quot; href=&quot;http:\/\/www.flickr.com\/photos\/127564588@N04\/18388655344\/&quot; target=&quot;_blank&quot;&gt;View on Flickr&lt;\/a&gt;'\/><\/a><\/div><div class='afg-cell' style='width:16%;'><a class='afgcolorbox' rel='example46'  href='https:\/\/farm4.staticflickr.com\/3699\/18804135036_5eafdfca91_b.jpg' title='IMG_1876'><img class='afg-img' title='IMG_1876' src='https:\/\/farm4.static.flickr.com\/3699\/18804135036_5eafdfca91_s.jpg' alt='IMG_1876 \u2022 &lt;a style=&quot;font-size:0.8em;&quot; href=&quot;http:\/\/www.flickr.com\/photos\/127564588@N04\/18804135036\/&quot; target=&quot;_blank&quot;&gt;View on Flickr&lt;\/a&gt;'\/><\/a><\/div><\/div><div class='afg-row'><div class='afg-cell' style='width:16%;'><a class='afgcolorbox' rel='example46'  href='https:\/\/farm1.staticflickr.com\/467\/18745261988_3730f2630c_b.jpg' title='IMG_1906'><img class='afg-img' title='IMG_1906' src='https:\/\/farm1.static.flickr.com\/467\/18745261988_3730f2630c_s.jpg' alt='IMG_1906 \u2022 &lt;a style=&quot;font-size:0.8em;&quot; href=&quot;http:\/\/www.flickr.com\/photos\/127564588@N04\/18745261988\/&quot; target=&quot;_blank&quot;&gt;View on Flickr&lt;\/a&gt;'\/><\/a><\/div><div class='afg-cell' style='width:16%;'><a class='afgcolorbox' rel='example46'  href='https:\/\/farm1.staticflickr.com\/388\/19014279691_2f9324db9b_b.jpg' title='IMG_1980'><img class='afg-img' title='IMG_1980' src='https:\/\/farm1.static.flickr.com\/388\/19014279691_2f9324db9b_s.jpg' alt='IMG_1980 \u2022 &lt;a style=&quot;font-size:0.8em;&quot; href=&quot;http:\/\/www.flickr.com\/photos\/127564588@N04\/19014279691\/&quot; target=&quot;_blank&quot;&gt;View on Flickr&lt;\/a&gt;'\/><\/a><\/div><div class='afg-cell' style='width:16%;'><a class='afgcolorbox' rel='example46'  href='https:\/\/farm1.staticflickr.com\/425\/18745235410_79614c0725_b.jpg' title='IMG_1923'><img class='afg-img' title='IMG_1923' src='https:\/\/farm1.static.flickr.com\/425\/18745235410_79614c0725_s.jpg' alt='IMG_1923 \u2022 &lt;a style=&quot;font-size:0.8em;&quot; href=&quot;http:\/\/www.flickr.com\/photos\/127564588@N04\/18745235410\/&quot; target=&quot;_blank&quot;&gt;View on Flickr&lt;\/a&gt;'\/><\/a><\/div><div class='afg-cell' style='width:16%;'><a class='afgcolorbox' rel='example46'  href='https:\/\/farm1.staticflickr.com\/350\/18441396373_d289963acf_b.jpg' title='IMG_1984'><img class='afg-img' title='IMG_1984' src='https:\/\/farm1.static.flickr.com\/350\/18441396373_d289963acf_s.jpg' alt='IMG_1984 \u2022 &lt;a style=&quot;font-size:0.8em;&quot; href=&quot;http:\/\/www.flickr.com\/photos\/127564588@N04\/18441396373\/&quot; target=&quot;_blank&quot;&gt;View on Flickr&lt;\/a&gt;'\/><\/a><\/div><div class='afg-cell' style='width:16%;'><a class='afgcolorbox' rel='example46'  href='https:\/\/farm1.staticflickr.com\/479\/19062074055_caed8ff22b_b.jpg' title='IMG_1989'><img class='afg-img' title='IMG_1989' src='https:\/\/farm1.static.flickr.com\/479\/19062074055_caed8ff22b_s.jpg' alt='IMG_1989 \u2022 &lt;a style=&quot;font-size:0.8em;&quot; href=&quot;http:\/\/www.flickr.com\/photos\/127564588@N04\/19062074055\/&quot; target=&quot;_blank&quot;&gt;View on Flickr&lt;\/a&gt;'\/><\/a><\/div><div class='afg-cell' style='width:16%;'><a class='afgcolorbox' rel='example46'  href='https:\/\/farm6.staticflickr.com\/5450\/18642638188_750a609910_b.jpg' title='IMG_1871'><img class='afg-img' title='IMG_1871' src='https:\/\/farm6.static.flickr.com\/5450\/18642638188_750a609910_s.jpg' alt='IMG_1871 \u2022 &lt;a style=&quot;font-size:0.8em;&quot; href=&quot;http:\/\/www.flickr.com\/photos\/127564588@N04\/18642638188\/&quot; target=&quot;_blank&quot;&gt;View on Flickr&lt;\/a&gt;'\/><\/a><\/div><\/div><div class='afg-row'><div class='afg-cell' style='width:16%;'><a class='afgcolorbox' rel='example46'  href='https:\/\/farm4.staticflickr.com\/3956\/18310354844_833868a92d_b.jpg' title='IMG_1912'><img class='afg-img' title='IMG_1912' src='https:\/\/farm4.static.flickr.com\/3956\/18310354844_833868a92d_s.jpg' alt='IMG_1912 \u2022 &lt;a style=&quot;font-size:0.8em;&quot; href=&quot;http:\/\/www.flickr.com\/photos\/127564588@N04\/18310354844\/&quot; target=&quot;_blank&quot;&gt;View on Flickr&lt;\/a&gt;'\/><\/a><\/div><div class='afg-cell' style='width:16%;'><a class='afgcolorbox' rel='example46'  href='https:\/\/farm1.staticflickr.com\/386\/18984981746_73cb32df93_b.jpg' title='IMG_1960'><img class='afg-img' title='IMG_1960' src='https:\/\/farm1.static.flickr.com\/386\/18984981746_73cb32df93_s.jpg' alt='IMG_1960 \u2022 &lt;a style=&quot;font-size:0.8em;&quot; href=&quot;http:\/\/www.flickr.com\/photos\/127564588@N04\/18984981746\/&quot; target=&quot;_blank&quot;&gt;View on Flickr&lt;\/a&gt;'\/><\/a><\/div><div class='afg-cell' style='width:16%;'><a class='afgcolorbox' rel='example46'  href='https:\/\/farm4.staticflickr.com\/3785\/19065889341_cc14e0923a_b.jpg' title='IMG_6350'><img class='afg-img' title='IMG_6350' src='https:\/\/farm4.static.flickr.com\/3785\/19065889341_cc14e0923a_s.jpg' alt='IMG_6350 \u2022 &lt;a style=&quot;font-size:0.8em;&quot; href=&quot;http:\/\/www.flickr.com\/photos\/127564588@N04\/19065889341\/&quot; target=&quot;_blank&quot;&gt;View on Flickr&lt;\/a&gt;'\/><\/a><\/div><div class='afg-cell' style='width:16%;'><a class='afgcolorbox' rel='example46'  href='https:\/\/farm4.staticflickr.com\/3868\/19035851126_98a8381669_b.jpg' title='IMG_2026'><img class='afg-img' title='IMG_2026' src='https:\/\/farm4.static.flickr.com\/3868\/19035851126_98a8381669_s.jpg' alt='IMG_2026 \u2022 &lt;a style=&quot;font-size:0.8em;&quot; href=&quot;http:\/\/www.flickr.com\/photos\/127564588@N04\/19035851126\/&quot; target=&quot;_blank&quot;&gt;View on Flickr&lt;\/a&gt;'\/><\/a><\/div><div class='afg-cell' style='width:16%;'><a class='afgcolorbox' rel='example46'  href='https:\/\/farm1.staticflickr.com\/558\/19056495542_ef86232956_b.jpg' title='IMG_2027'><img class='afg-img' title='IMG_2027' src='https:\/\/farm1.static.flickr.com\/558\/19056495542_ef86232956_s.jpg' alt='IMG_2027 \u2022 &lt;a style=&quot;font-size:0.8em;&quot; href=&quot;http:\/\/www.flickr.com\/photos\/127564588@N04\/19056495542\/&quot; target=&quot;_blank&quot;&gt;View on Flickr&lt;\/a&gt;'\/><\/a><\/div><div class='afg-cell' style='width:16%;'><a class='afgcolorbox' rel='example46'  href='https:\/\/farm1.staticflickr.com\/313\/19035849326_095f56230d_b.jpg' title='IMG_2028'><img class='afg-img' title='IMG_2028' src='https:\/\/farm1.static.flickr.com\/313\/19035849326_095f56230d_s.jpg' alt='IMG_2028 \u2022 &lt;a style=&quot;font-size:0.8em;&quot; href=&quot;http:\/\/www.flickr.com\/photos\/127564588@N04\/19035849326\/&quot; target=&quot;_blank&quot;&gt;View on Flickr&lt;\/a&gt;'\/><\/a><\/div><\/div><div class='afg-row'><\/div><div class='afg-row'><\/div><div class='afg-row'><\/div><div class='afg-row'><\/div><div class='afg-row'><\/div><div class='afg-row'><\/div><div class='afg-row'><\/div><div class='afg-row'><\/div><div class='afg-row'><\/div><div class='afg-row'><\/div><div class='afg-row'><\/div><div class='afg-row'><\/div><div class='afg-row'><\/div><div class='afg-row'><\/div><div class='afg-row'><\/div><div class='afg-row'><\/div><div class='afg-row'><\/div><div class='afg-row'><\/div><div class='afg-row'><\/div><div class='afg-row'><\/div><div class='afg-row'><\/div><div class='afg-row'><\/div><div class='afg-row'><\/div><div class='afg-row'><\/div><div class='afg-row'><\/div><div class='afg-row'><\/div><div class='afg-row'><\/div><div class='afg-row'><\/div><div class='afg-row'><\/div><div class='afg-row'><\/div><div class='afg-row'><\/div><div class='afg-row'><\/div><div class='afg-row'><\/div><div class='afg-row'><\/div><div class='afg-row'><\/div><div class='afg-row'><\/div><div class='afg-row'><\/div><div class='afg-row'><\/div><div class='afg-row'><\/div><div class='afg-row'><\/div><div class='afg-row'><\/div><div class='afg-row'><\/div><div class='afg-row'><\/div><div class='afg-row'><\/div><div class='afg-row'><\/div><div class='afg-row'><\/div><div class='afg-row'><\/div><div class='afg-row'><\/div><div class='afg-row'><\/div><div class='afg-row'><\/div><div class='afg-row'><\/div><div class='afg-row'><\/div><div class='afg-row'><\/div><div class='afg-row'><\/div><div class='afg-row'><\/div><div class='afg-row'><\/div><div class='afg-row'><\/div><div class='afg-row'><\/div><div class='afg-row'><\/div><div class='afg-row'><\/div><div class='afg-row'><\/div><div class='afg-row'><\/div><div class='afg-row'><\/div><div class='afg-row'><\/div><div class='afg-row'><\/div><div class='afg-row'><\/div><div class='afg-row'><\/div><div class='afg-row'><\/div><div class='afg-row'><\/div><div class='afg-row'><\/div><div class='afg-row'><\/div><div class='afg-row'><\/div><div class='afg-row'><\/div><div class='afg-row'><\/div><div class='afg-row'><\/div><div class='afg-row'><\/div><div class='afg-row'><\/div><div class='afg-row'><\/div><div class='afg-row'><\/div><div class='afg-row'><\/div><div class='afg-row'><\/div><div class='afg-row'><\/div><\/div><\/div><!-- Awesome Flickr Gallery End -->\n<p><a href=\"https:\/\/www.fanfareursy.ch\/wp-content\/uploads\/2015\/01\/Girls-in-Brass-affichette-A4.pdf\" target=\"_blank\"><img loading=\"lazy\" decoding=\"async\" class=\"alignnone size-full wp-image-1183\" src=\"https:\/\/www.fanfareursy.ch\/wp-content\/uploads\/2015\/01\/Girls-in-Brass-affichette.jpg\" alt=\"Girls in Brass - affichette\" width=\"640\" height=\"905\" srcset=\"https:\/\/www.fanfareursy.ch\/wp-content\/uploads\/2015\/01\/Girls-in-Brass-affichette.jpg 640w, https:\/\/www.fanfareursy.ch\/wp-content\/uploads\/2015\/01\/Girls-in-Brass-affichette-212x300.jpg 212w, https:\/\/www.fanfareursy.ch\/wp-content\/uploads\/2015\/01\/Girls-in-Brass-affichette-212x300@2x.jpg 424w\" sizes=\"auto, (max-width: 640px) 100vw, 640px\" \/><\/a><\/p>\n<p><a href=\"https:\/\/www.fanfareursy.ch\/wp-content\/uploads\/2015\/01\/girls-et-programme.pdf\"><img loading=\"lazy\" decoding=\"async\" class=\"alignnone size-full wp-image-1324\" src=\"https:\/\/www.fanfareursy.ch\/wp-content\/uploads\/2015\/01\/girls-et-programme.jpg\" alt=\"girls et programme\" width=\"640\" height=\"453\" srcset=\"https:\/\/www.fanfareursy.ch\/wp-content\/uploads\/2015\/01\/girls-et-programme.jpg 640w, https:\/\/www.fanfareursy.ch\/wp-content\/uploads\/2015\/01\/girls-et-programme-300x212.jpg 300w, https:\/\/www.fanfareursy.ch\/wp-content\/uploads\/2015\/01\/girls-et-programme-424x300.jpg 424w, https:\/\/www.fanfareursy.ch\/wp-content\/uploads\/2015\/01\/girls-et-programme-300x212@2x.jpg 600w\" sizes=\"auto, (max-width: 640px) 100vw, 640px\" \/><\/a><\/p>\n<p>Liste des musiciennes :\u00a0ouvrez la <a href=\"https:\/\/www.google.com\/maps\/d\/viewer?mid=z6NrnvVQTVkk.kwbbD-dZRy0o\" target=\"_blank\">carte interactive<\/a> et cliquez sur les ic\u00f4nes pour en savoir plus !<\/p>\n<p><a href=\"https:\/\/www.google.com\/maps\/d\/viewer?mid=z6NrnvVQTVkk.kwbbD-dZRy0o\" target=\"_blank\"><img loading=\"lazy\" decoding=\"async\" class=\"alignnone wp-image-1189 size-full\" src=\"https:\/\/www.fanfareursy.ch\/wp-content\/uploads\/2015\/01\/map.jpg\" alt=\"\" width=\"640\" height=\"413\" srcset=\"https:\/\/www.fanfareursy.ch\/wp-content\/uploads\/2015\/01\/map.jpg 640w, https:\/\/www.fanfareursy.ch\/wp-content\/uploads\/2015\/01\/map-300x194.jpg 300w, https:\/\/www.fanfareursy.ch\/wp-content\/uploads\/2015\/01\/map-465x300.jpg 465w, https:\/\/www.fanfareursy.ch\/wp-content\/uploads\/2015\/01\/map-300x194@2x.jpg 600w\" sizes=\"auto, (max-width: 640px) 100vw, 640px\" \/><\/a><\/p>\n","protected":false},"excerpt":{"rendered":"<p>Pour la premi\u00e8re fois, les meilleures musiciennes des brass bands de Suisse se sont regroup\u00e9es pour former le \u00ab\u00a0Girls in Brass\u00a0\u00bb.\u00a0Deux concerts exceptionnels, le premier au Bicubic \u00e0 Romont, le 2\u00e8me \u00e0 la Salle Polyvalente de Conthey, les 20 et &hellip; <a href=\"https:\/\/www.fanfareursy.ch\/?page_id=1094\">Continuer la lecture <span class=\"meta-nav\">&rarr;<\/span><\/a><\/p>\n","protected":false},"author":76,"featured_media":0,"parent":0,"menu_order":0,"comment_status":"closed","ping_status":"closed","template":"sidebar-page.php","meta":{"footnotes":""},"class_list":["post-1094","page","type-page","status-publish","hentry"],"_links":{"self":[{"href":"https:\/\/www.fanfareursy.ch\/index.php?rest_route=\/wp\/v2\/pages\/1094","targetHints":{"allow":["GET"]}}],"collection":[{"href":"https:\/\/www.fanfareursy.ch\/index.php?rest_route=\/wp\/v2\/pages"}],"about":[{"href":"https:\/\/www.fanfareursy.ch\/index.php?rest_route=\/wp\/v2\/types\/page"}],"author":[{"embeddable":true,"href":"https:\/\/www.fanfareursy.ch\/index.php?rest_route=\/wp\/v2\/users\/76"}],"replies":[{"embeddable":true,"href":"https:\/\/www.fanfareursy.ch\/index.php?rest_route=%2Fwp%2Fv2%2Fcomments&post=1094"}],"version-history":[{"count":29,"href":"https:\/\/www.fanfareursy.ch\/index.php?rest_route=\/wp\/v2\/pages\/1094\/revisions"}],"predecessor-version":[{"id":1364,"href":"https:\/\/www.fanfareursy.ch\/index.php?rest_route=\/wp\/v2\/pages\/1094\/revisions\/1364"}],"wp:attachment":[{"href":"https:\/\/www.fanfareursy.ch\/index.php?rest_route=%2Fwp%2Fv2%2Fmedia&parent=1094"}],"curies":[{"name":"wp","href":"https:\/\/api.w.org\/{rel}","templated":true}]}}