{"id":932,"date":"2014-11-02T18:41:55","date_gmt":"2014-11-02T17:41:55","guid":{"rendered":"http:\/\/www.ursy2014.ch\/?page_id=932"},"modified":"2020-01-09T17:06:29","modified_gmt":"2020-01-09T16:06:29","slug":"moniteur","status":"publish","type":"page","link":"https:\/\/www.fanfareursy.ch\/?page_id=932","title":{"rendered":"Directeur"},"content":{"rendered":"<p><a href=\"https:\/\/www.fanfareursy.ch\/wp-content\/uploads\/2014\/11\/Simon.jpg\"><img loading=\"lazy\" decoding=\"async\" class=\"alignleft wp-image-1473\" src=\"https:\/\/www.fanfareursy.ch\/wp-content\/uploads\/2014\/11\/Simon-200x300.jpg\" alt=\"\" width=\"128\" height=\"192\" srcset=\"https:\/\/www.fanfareursy.ch\/wp-content\/uploads\/2014\/11\/Simon-200x300.jpg 200w, https:\/\/www.fanfareursy.ch\/wp-content\/uploads\/2014\/11\/Simon.jpg 331w\" sizes=\"auto, (max-width: 128px) 100vw, 128px\" \/><\/a>Depuis septembre 2015, c&rsquo;est notre jeune Simon Panchaud qui a repris la baguette des tambours. Simon est n\u00e9 le 11 janvier 1994. Il travaille en tant que m\u00e9catronicien en automobile. Il a commenc\u00e9 le tambour \u00e0 l\u2019\u00e2ge de 9 ans au sein de notre fanfare. Il joue \u00e9galement dans la clique de tambour l\u2019Echo des bois la Joux-Le Cr\u00eat.<\/p>\n<p>Il participe \u00e0 divers concours cantonaux, r\u00e9gionaux et f\u00e9d\u00e9raux o\u00f9 il tient r\u00e9guli\u00e8rement le haut du classement. Il a notamment \u00e9t\u00e9 champion fribourgeois de tambours en 2017. De 2009 \u00e0 2012, il a suivi la formation de moniteur tambour cantonal et obtenu son dipl\u00f4me.<\/p>\n<p>Il a effectu\u00e9 son \u00e9cole de recrue en 2014 en tant que tambour militaire.<\/p>\n<p>Il s&rsquo;occupe \u00e9galement de la formation de nos jeunes tambours.<\/p>\n","protected":false},"excerpt":{"rendered":"<p>Depuis septembre 2015, c&rsquo;est notre jeune Simon Panchaud qui a repris la baguette des tambours. Simon est n\u00e9 le 11 janvier 1994. Il travaille en tant que m\u00e9catronicien en automobile. Il a commenc\u00e9 le tambour \u00e0 l\u2019\u00e2ge de 9 ans &hellip; <a href=\"https:\/\/www.fanfareursy.ch\/?page_id=932\">Continuer la lecture <span class=\"meta-nav\">&rarr;<\/span><\/a><\/p>\n","protected":false},"author":76,"featured_media":0,"parent":0,"menu_order":0,"comment_status":"closed","ping_status":"closed","template":"sidebar-page.php","meta":{"footnotes":""},"class_list":["post-932","page","type-page","status-publish","hentry"],"_links":{"self":[{"href":"https:\/\/www.fanfareursy.ch\/index.php?rest_route=\/wp\/v2\/pages\/932","targetHints":{"allow":["GET"]}}],"collection":[{"href":"https:\/\/www.fanfareursy.ch\/index.php?rest_route=\/wp\/v2\/pages"}],"about":[{"href":"https:\/\/www.fanfareursy.ch\/index.php?rest_route=\/wp\/v2\/types\/page"}],"author":[{"embeddable":true,"href":"https:\/\/www.fanfareursy.ch\/index.php?rest_route=\/wp\/v2\/users\/76"}],"replies":[{"embeddable":true,"href":"https:\/\/www.fanfareursy.ch\/index.php?rest_route=%2Fwp%2Fv2%2Fcomments&post=932"}],"version-history":[{"count":9,"href":"https:\/\/www.fanfareursy.ch\/index.php?rest_route=\/wp\/v2\/pages\/932\/revisions"}],"predecessor-version":[{"id":1885,"href":"https:\/\/www.fanfareursy.ch\/index.php?rest_route=\/wp\/v2\/pages\/932\/revisions\/1885"}],"wp:attachment":[{"href":"https:\/\/www.fanfareursy.ch\/index.php?rest_route=%2Fwp%2Fv2%2Fmedia&parent=932"}],"curies":[{"name":"wp","href":"https:\/\/api.w.org\/{rel}","templated":true}]}}